{"id":675,"date":"2024-10-15T17:28:50","date_gmt":"2024-10-15T17:28:50","guid":{"rendered":"https:\/\/www.100x100south.com\/blog\/?post_type=product&#038;p=675"},"modified":"2024-10-15T17:32:37","modified_gmt":"2024-10-15T17:32:37","slug":"lote-regalo-surtido-eiriz","status":"publish","type":"product","link":"https:\/\/www.100x100south.com\/blog\/producto\/lote-regalo-surtido-eiriz\/","title":{"rendered":"Lote Regalo surtido E\u00edriz"},"content":{"rendered":"<h1 class=\"product_title entry-title\">Lote Regalo surtido<\/h1>\n<p><img fetchpriority=\"high\" decoding=\"async\" class=\"alignnone size-medium wp-image-679\" src=\"https:\/\/www.100x100south.com\/blog\/wp-content\/uploads\/2024\/10\/lote-regalo-eiriz-300x195.png\" alt=\"\" width=\"300\" height=\"195\" srcset=\"https:\/\/www.100x100south.com\/blog\/wp-content\/uploads\/2024\/10\/lote-regalo-eiriz-300x195.png 300w, https:\/\/www.100x100south.com\/blog\/wp-content\/uploads\/2024\/10\/lote-regalo-eiriz-1024x666.png 1024w, https:\/\/www.100x100south.com\/blog\/wp-content\/uploads\/2024\/10\/lote-regalo-eiriz-768x499.png 768w, https:\/\/www.100x100south.com\/blog\/wp-content\/uploads\/2024\/10\/lote-regalo-eiriz-600x390.png 600w, https:\/\/www.100x100south.com\/blog\/wp-content\/uploads\/2024\/10\/lote-regalo-eiriz.png 1115w\" sizes=\"(max-width: 300px) 100vw, 300px\" \/><\/p>\n<p class=\"price\"><span class=\"woocommerce-Price-amount amount\"><bdi>300,00<span class=\"woocommerce-Price-currencySymbol\">\u20ac<\/span><\/bdi><\/span>\u00a0<small class=\"woocommerce-price-suffix\">(IVA incluido)<\/small><\/p>\n<div class=\"woocommerce-product-details__short-description\">\n<ul>\n<li><strong>Jam\u00f3n bellota 100 % ib\u00e9rico cortado a mano 20 sobres, sobres de 100 gramos, cortado a mano, en cada sobre hay al menos de 2 zon<\/strong>as de corte.<\/li>\n<li>INGREDIENTES: Jam\u00f3n bellota 100 % ib\u00e9rico, sal, az\u00facar, conservadores (E-252 y E-250) y antioxidante (E-300) PRODUCTO CERTIFICADO POR ARAPORCEI N\u00ba 21\/IB-85\/13<\/li>\n<li><strong>Aceite Oliva Virgen Extra 0.5\u00a0<\/strong>l.,\u00a0certificado Ecol\u00f3gico Oleo Estepa, OjO en la foto aparece Aceite en lata pero est\u00e1 fuera de stock, por eso indicamos OleoEstepa que es el que hay en stock<\/li>\n<li>Queso de cabra de Aracena leche cruda 450 gr. aprox.<\/li>\n<li><strong>Vino Vado del Quema blanco afrutado, D.O. Condado de Huelva, uva Zalema, botella 0.7 l.<\/strong><\/li>\n<li>Los registros sanitarios de los productores y detalles de los productos est\u00e1n en las fotos adjuntas<\/li>\n<li><img decoding=\"async\" class=\"alignnone size-medium wp-image-676\" src=\"https:\/\/www.100x100south.com\/blog\/wp-content\/uploads\/2024\/10\/aceite-olivaecologico-194x300.png\" alt=\"\" width=\"194\" height=\"300\" srcset=\"https:\/\/www.100x100south.com\/blog\/wp-content\/uploads\/2024\/10\/aceite-olivaecologico-194x300.png 194w, https:\/\/www.100x100south.com\/blog\/wp-content\/uploads\/2024\/10\/aceite-olivaecologico.png 313w\" sizes=\"(max-width: 194px) 100vw, 194px\" \/><\/li>\n<li><img decoding=\"async\" class=\"alignnone size-medium wp-image-677\" src=\"https:\/\/www.100x100south.com\/blog\/wp-content\/uploads\/2024\/10\/queso-robledo-aracena-300x228.png\" alt=\"\" width=\"300\" height=\"228\" srcset=\"https:\/\/www.100x100south.com\/blog\/wp-content\/uploads\/2024\/10\/queso-robledo-aracena-300x228.png 300w, https:\/\/www.100x100south.com\/blog\/wp-content\/uploads\/2024\/10\/queso-robledo-aracena-600x457.png 600w, https:\/\/www.100x100south.com\/blog\/wp-content\/uploads\/2024\/10\/queso-robledo-aracena.png 628w\" sizes=\"(max-width: 300px) 100vw, 300px\" \/><\/li>\n<li><img loading=\"lazy\" decoding=\"async\" class=\"alignnone size-medium wp-image-678\" src=\"https:\/\/www.100x100south.com\/blog\/wp-content\/uploads\/2024\/10\/vino-vadodelquema-214x300.png\" alt=\"\" width=\"214\" height=\"300\" srcset=\"https:\/\/www.100x100south.com\/blog\/wp-content\/uploads\/2024\/10\/vino-vadodelquema-214x300.png 214w, https:\/\/www.100x100south.com\/blog\/wp-content\/uploads\/2024\/10\/vino-vadodelquema-600x842.png 600w, https:\/\/www.100x100south.com\/blog\/wp-content\/uploads\/2024\/10\/vino-vadodelquema.png 628w\" sizes=\"(max-width: 214px) 100vw, 214px\" \/><\/li>\n<\/ul>\n<\/div>\n","protected":false},"excerpt":{"rendered":"<p>Lote Regalo surtido 300,00\u20ac\u00a0(IVA incluido) Jam\u00f3n bellota 100 % ib\u00e9rico cortado a mano 20 sobres, sobres de 100 gramos, cortado a mano, en cada sobre hay al menos de 2 zonas de corte. INGREDIENTES: Jam\u00f3n bellota 100 % ib\u00e9rico, sal, az\u00facar, conservadores (E-252 y E-250) y antioxidante (E-300) PRODUCTO CERTIFICADO POR ARAPORCEI N\u00ba 21\/IB-85\/13 Aceite [&hellip;]<\/p>\n","protected":false},"featured_media":679,"comment_status":"open","ping_status":"closed","template":"","meta":[],"product_cat":[23,29,28,31],"product_tag":[],"class_list":{"0":"post-675","1":"product","2":"type-product","3":"status-publish","4":"has-post-thumbnail","6":"product_cat-quesos","7":"product_cat-aceites-aove","8":"product_cat-alimentacion","9":"product_cat-iberico","11":"first","12":"instock","13":"shipping-taxable","14":"product-type-simple"},"yoast_head":"<!-- This site is optimized with the Yoast SEO plugin v23.6 - https:\/\/yoast.com\/wordpress\/plugins\/seo\/ -->\n<title>Lote Regalo surtido E\u00edriz -<\/title>\n<meta name=\"robots\" content=\"index, follow, max-snippet:-1, max-image-preview:large, max-video-preview:-1\" \/>\n<link rel=\"canonical\" href=\"https:\/\/www.100x100south.com\/blog\/producto\/lote-regalo-surtido-eiriz\/\" \/>\n<meta property=\"og:locale\" content=\"es_ES\" \/>\n<meta property=\"og:type\" content=\"article\" \/>\n<meta property=\"og:title\" content=\"Lote Regalo surtido E\u00edriz -\" \/>\n<meta property=\"og:description\" content=\"Lote Regalo surtido 300,00\u20ac\u00a0(IVA incluido) Jam\u00f3n bellota 100 % ib\u00e9rico cortado a mano 20 sobres, sobres de 100 gramos, cortado a mano, en cada sobre hay al menos de 2 zonas de corte. INGREDIENTES: Jam\u00f3n bellota 100 % ib\u00e9rico, sal, az\u00facar, conservadores (E-252 y E-250) y antioxidante (E-300) PRODUCTO CERTIFICADO POR ARAPORCEI N\u00ba 21\/IB-85\/13 Aceite [&hellip;]\" \/>\n<meta property=\"og:url\" content=\"https:\/\/www.100x100south.com\/blog\/producto\/lote-regalo-surtido-eiriz\/\" \/>\n<meta property=\"article:modified_time\" content=\"2024-10-15T17:32:37+00:00\" \/>\n<meta property=\"og:image\" content=\"https:\/\/www.100x100south.com\/blog\/wp-content\/uploads\/2024\/10\/lote-regalo-eiriz.png\" \/>\n\t<meta property=\"og:image:width\" content=\"1115\" \/>\n\t<meta property=\"og:image:height\" content=\"725\" \/>\n\t<meta property=\"og:image:type\" content=\"image\/png\" \/>\n<meta name=\"twitter:card\" content=\"summary_large_image\" \/>\n<meta name=\"twitter:label1\" content=\"Tiempo de lectura\" \/>\n\t<meta name=\"twitter:data1\" content=\"2 minutos\" \/>\n<script type=\"application\/ld+json\" class=\"yoast-schema-graph\">{\"@context\":\"https:\/\/schema.org\",\"@graph\":[{\"@type\":\"WebPage\",\"@id\":\"https:\/\/www.100x100south.com\/blog\/producto\/lote-regalo-surtido-eiriz\/\",\"url\":\"https:\/\/www.100x100south.com\/blog\/producto\/lote-regalo-surtido-eiriz\/\",\"name\":\"Lote Regalo surtido E\u00edriz -\",\"isPartOf\":{\"@id\":\"https:\/\/www.100x100south.com\/blog\/#website\"},\"primaryImageOfPage\":{\"@id\":\"https:\/\/www.100x100south.com\/blog\/producto\/lote-regalo-surtido-eiriz\/#primaryimage\"},\"image\":{\"@id\":\"https:\/\/www.100x100south.com\/blog\/producto\/lote-regalo-surtido-eiriz\/#primaryimage\"},\"thumbnailUrl\":\"https:\/\/www.100x100south.com\/blog\/wp-content\/uploads\/2024\/10\/lote-regalo-eiriz.png\",\"datePublished\":\"2024-10-15T17:28:50+00:00\",\"dateModified\":\"2024-10-15T17:32:37+00:00\",\"breadcrumb\":{\"@id\":\"https:\/\/www.100x100south.com\/blog\/producto\/lote-regalo-surtido-eiriz\/#breadcrumb\"},\"inLanguage\":\"es\",\"potentialAction\":[{\"@type\":\"ReadAction\",\"target\":[\"https:\/\/www.100x100south.com\/blog\/producto\/lote-regalo-surtido-eiriz\/\"]}]},{\"@type\":\"ImageObject\",\"inLanguage\":\"es\",\"@id\":\"https:\/\/www.100x100south.com\/blog\/producto\/lote-regalo-surtido-eiriz\/#primaryimage\",\"url\":\"https:\/\/www.100x100south.com\/blog\/wp-content\/uploads\/2024\/10\/lote-regalo-eiriz.png\",\"contentUrl\":\"https:\/\/www.100x100south.com\/blog\/wp-content\/uploads\/2024\/10\/lote-regalo-eiriz.png\",\"width\":1115,\"height\":725},{\"@type\":\"BreadcrumbList\",\"@id\":\"https:\/\/www.100x100south.com\/blog\/producto\/lote-regalo-surtido-eiriz\/#breadcrumb\",\"itemListElement\":[{\"@type\":\"ListItem\",\"position\":1,\"name\":\"Portada\",\"item\":\"https:\/\/www.100x100south.com\/blog\/\"},{\"@type\":\"ListItem\",\"position\":2,\"name\":\"Tienda Gourmet\",\"item\":\"https:\/\/www.100x100south.com\/blog\/tienda\/\"},{\"@type\":\"ListItem\",\"position\":3,\"name\":\"Lote Regalo surtido E\u00edriz\"}]},{\"@type\":\"WebSite\",\"@id\":\"https:\/\/www.100x100south.com\/blog\/#website\",\"url\":\"https:\/\/www.100x100south.com\/blog\/\",\"name\":\"https:\/\/www.100x100south.com\/blog\",\"description\":\"Viajes y experiencias gastron\u00f3micas\",\"publisher\":{\"@id\":\"https:\/\/www.100x100south.com\/blog\/#organization\"},\"potentialAction\":[{\"@type\":\"SearchAction\",\"target\":{\"@type\":\"EntryPoint\",\"urlTemplate\":\"https:\/\/www.100x100south.com\/blog\/?s={search_term_string}\"},\"query-input\":{\"@type\":\"PropertyValueSpecification\",\"valueRequired\":true,\"valueName\":\"search_term_string\"}}],\"inLanguage\":\"es\"},{\"@type\":\"Organization\",\"@id\":\"https:\/\/www.100x100south.com\/blog\/#organization\",\"name\":\"100x100south\",\"url\":\"https:\/\/www.100x100south.com\/blog\/\",\"logo\":{\"@type\":\"ImageObject\",\"inLanguage\":\"es\",\"@id\":\"https:\/\/www.100x100south.com\/blog\/#\/schema\/logo\/image\/\",\"url\":\"https:\/\/www.100x100south.com\/blog\/wp-content\/uploads\/2021\/08\/cropped-cropped-100x100-South-Espanol-SVG_Mesa-de-trabajo-1-copia-4-e1629454715973.png\",\"contentUrl\":\"https:\/\/www.100x100south.com\/blog\/wp-content\/uploads\/2021\/08\/cropped-cropped-100x100-South-Espanol-SVG_Mesa-de-trabajo-1-copia-4-e1629454715973.png\",\"width\":471,\"height\":291,\"caption\":\"100x100south\"},\"image\":{\"@id\":\"https:\/\/www.100x100south.com\/blog\/#\/schema\/logo\/image\/\"}}]}<\/script>\n<!-- \/ Yoast SEO plugin. -->","yoast_head_json":{"title":"Lote Regalo surtido E\u00edriz -","robots":{"index":"index","follow":"follow","max-snippet":"max-snippet:-1","max-image-preview":"max-image-preview:large","max-video-preview":"max-video-preview:-1"},"canonical":"https:\/\/www.100x100south.com\/blog\/producto\/lote-regalo-surtido-eiriz\/","og_locale":"es_ES","og_type":"article","og_title":"Lote Regalo surtido E\u00edriz -","og_description":"Lote Regalo surtido 300,00\u20ac\u00a0(IVA incluido) Jam\u00f3n bellota 100 % ib\u00e9rico cortado a mano 20 sobres, sobres de 100 gramos, cortado a mano, en cada sobre hay al menos de 2 zonas de corte. INGREDIENTES: Jam\u00f3n bellota 100 % ib\u00e9rico, sal, az\u00facar, conservadores (E-252 y E-250) y antioxidante (E-300) PRODUCTO CERTIFICADO POR ARAPORCEI N\u00ba 21\/IB-85\/13 Aceite [&hellip;]","og_url":"https:\/\/www.100x100south.com\/blog\/producto\/lote-regalo-surtido-eiriz\/","article_modified_time":"2024-10-15T17:32:37+00:00","og_image":[{"width":1115,"height":725,"url":"https:\/\/www.100x100south.com\/blog\/wp-content\/uploads\/2024\/10\/lote-regalo-eiriz.png","type":"image\/png"}],"twitter_card":"summary_large_image","twitter_misc":{"Tiempo de lectura":"2 minutos"},"schema":{"@context":"https:\/\/schema.org","@graph":[{"@type":"WebPage","@id":"https:\/\/www.100x100south.com\/blog\/producto\/lote-regalo-surtido-eiriz\/","url":"https:\/\/www.100x100south.com\/blog\/producto\/lote-regalo-surtido-eiriz\/","name":"Lote Regalo surtido E\u00edriz -","isPartOf":{"@id":"https:\/\/www.100x100south.com\/blog\/#website"},"primaryImageOfPage":{"@id":"https:\/\/www.100x100south.com\/blog\/producto\/lote-regalo-surtido-eiriz\/#primaryimage"},"image":{"@id":"https:\/\/www.100x100south.com\/blog\/producto\/lote-regalo-surtido-eiriz\/#primaryimage"},"thumbnailUrl":"https:\/\/www.100x100south.com\/blog\/wp-content\/uploads\/2024\/10\/lote-regalo-eiriz.png","datePublished":"2024-10-15T17:28:50+00:00","dateModified":"2024-10-15T17:32:37+00:00","breadcrumb":{"@id":"https:\/\/www.100x100south.com\/blog\/producto\/lote-regalo-surtido-eiriz\/#breadcrumb"},"inLanguage":"es","potentialAction":[{"@type":"ReadAction","target":["https:\/\/www.100x100south.com\/blog\/producto\/lote-regalo-surtido-eiriz\/"]}]},{"@type":"ImageObject","inLanguage":"es","@id":"https:\/\/www.100x100south.com\/blog\/producto\/lote-regalo-surtido-eiriz\/#primaryimage","url":"https:\/\/www.100x100south.com\/blog\/wp-content\/uploads\/2024\/10\/lote-regalo-eiriz.png","contentUrl":"https:\/\/www.100x100south.com\/blog\/wp-content\/uploads\/2024\/10\/lote-regalo-eiriz.png","width":1115,"height":725},{"@type":"BreadcrumbList","@id":"https:\/\/www.100x100south.com\/blog\/producto\/lote-regalo-surtido-eiriz\/#breadcrumb","itemListElement":[{"@type":"ListItem","position":1,"name":"Portada","item":"https:\/\/www.100x100south.com\/blog\/"},{"@type":"ListItem","position":2,"name":"Tienda Gourmet","item":"https:\/\/www.100x100south.com\/blog\/tienda\/"},{"@type":"ListItem","position":3,"name":"Lote Regalo surtido E\u00edriz"}]},{"@type":"WebSite","@id":"https:\/\/www.100x100south.com\/blog\/#website","url":"https:\/\/www.100x100south.com\/blog\/","name":"https:\/\/www.100x100south.com\/blog","description":"Viajes y experiencias gastron\u00f3micas","publisher":{"@id":"https:\/\/www.100x100south.com\/blog\/#organization"},"potentialAction":[{"@type":"SearchAction","target":{"@type":"EntryPoint","urlTemplate":"https:\/\/www.100x100south.com\/blog\/?s={search_term_string}"},"query-input":{"@type":"PropertyValueSpecification","valueRequired":true,"valueName":"search_term_string"}}],"inLanguage":"es"},{"@type":"Organization","@id":"https:\/\/www.100x100south.com\/blog\/#organization","name":"100x100south","url":"https:\/\/www.100x100south.com\/blog\/","logo":{"@type":"ImageObject","inLanguage":"es","@id":"https:\/\/www.100x100south.com\/blog\/#\/schema\/logo\/image\/","url":"https:\/\/www.100x100south.com\/blog\/wp-content\/uploads\/2021\/08\/cropped-cropped-100x100-South-Espanol-SVG_Mesa-de-trabajo-1-copia-4-e1629454715973.png","contentUrl":"https:\/\/www.100x100south.com\/blog\/wp-content\/uploads\/2021\/08\/cropped-cropped-100x100-South-Espanol-SVG_Mesa-de-trabajo-1-copia-4-e1629454715973.png","width":471,"height":291,"caption":"100x100south"},"image":{"@id":"https:\/\/www.100x100south.com\/blog\/#\/schema\/logo\/image\/"}}]}},"_links":{"self":[{"href":"https:\/\/www.100x100south.com\/blog\/wp-json\/wp\/v2\/product\/675","targetHints":{"allow":["GET"]}}],"collection":[{"href":"https:\/\/www.100x100south.com\/blog\/wp-json\/wp\/v2\/product"}],"about":[{"href":"https:\/\/www.100x100south.com\/blog\/wp-json\/wp\/v2\/types\/product"}],"replies":[{"embeddable":true,"href":"https:\/\/www.100x100south.com\/blog\/wp-json\/wp\/v2\/comments?post=675"}],"wp:featuredmedia":[{"embeddable":true,"href":"https:\/\/www.100x100south.com\/blog\/wp-json\/wp\/v2\/media\/679"}],"wp:attachment":[{"href":"https:\/\/www.100x100south.com\/blog\/wp-json\/wp\/v2\/media?parent=675"}],"wp:term":[{"taxonomy":"product_cat","embeddable":true,"href":"https:\/\/www.100x100south.com\/blog\/wp-json\/wp\/v2\/product_cat?post=675"},{"taxonomy":"product_tag","embeddable":true,"href":"https:\/\/www.100x100south.com\/blog\/wp-json\/wp\/v2\/product_tag?post=675"}],"curies":[{"name":"wp","href":"https:\/\/api.w.org\/{rel}","templated":true}]}}