{"id":666,"date":"2024-10-15T16:57:49","date_gmt":"2024-10-15T16:57:49","guid":{"rendered":"https:\/\/www.100x100south.com\/blog\/?post_type=product&#038;p=666"},"modified":"2024-10-15T17:12:35","modified_gmt":"2024-10-15T17:12:35","slug":"jamon-cebo-iberico-50-raza-iberica-brida-blanca-7-5-8-kg","status":"publish","type":"product","link":"https:\/\/www.100x100south.com\/blog\/producto\/jamon-cebo-iberico-50-raza-iberica-brida-blanca-7-5-8-kg\/","title":{"rendered":"Jam\u00f3n Cebo ib\u00e9rico 50 % raza ib\u00e9rica, Brida blanca, 7.5 \u2013 8 Kg."},"content":{"rendered":"<h2><img fetchpriority=\"high\" decoding=\"async\" class=\"alignnone size-medium wp-image-669\" src=\"https:\/\/www.100x100south.com\/blog\/wp-content\/uploads\/2024\/10\/BRIDABLANCA-200x300.jpg\" alt=\"\" width=\"200\" height=\"300\" srcset=\"https:\/\/www.100x100south.com\/blog\/wp-content\/uploads\/2024\/10\/BRIDABLANCA-200x300.jpg 200w, https:\/\/www.100x100south.com\/blog\/wp-content\/uploads\/2024\/10\/BRIDABLANCA-600x900.jpg 600w, https:\/\/www.100x100south.com\/blog\/wp-content\/uploads\/2024\/10\/BRIDABLANCA.jpg 683w\" sizes=\"(max-width: 200px) 100vw, 200px\" \/><\/h2>\n<h2>Descripci\u00f3n<\/h2>\n<div class=\"woocommerce-product-details__short-description\">\n<div class=\"woocommerce-product-details__short-description\">\n<p class=\"price\"><span class=\"woocommerce-Price-amount amount\"><bdi>5,20<span class=\"woocommerce-Price-currencySymbol\">\u20ac<\/span><\/bdi><\/span>\u00a0\u2013\u00a0<span class=\"woocommerce-Price-amount amount\"><bdi>205,00<span class=\"woocommerce-Price-currencySymbol\">\u20ac<\/span><\/bdi><\/span>\u00a0<small class=\"woocommerce-price-suffix\">(IVA incluido)<\/small><\/p>\n<div class=\"woocommerce-product-details__short-description\">\n<p>Apto para cel\u00edacos e intolerantes a la lactosa<\/p>\n<p>Bien infiltrado en maza, arom\u00e1tico<\/p>\n<p>Gran relaci\u00f3n calidad \/ precio, secado natural con ventanas abiertas en Corteconcepci\u00f3n<\/p>\n<p>Precio 20 \u20ac\/ kg IVA incluido<\/p>\n<p>En el caso de pedir el producto deshuesado el peso que se servir\u00e1 al cliente es aproximadamente la mitad del peso de la pieza con pata, se enviara al vac\u00edo.<\/p>\n<\/div>\n<\/div>\n<\/div>\n","protected":false},"excerpt":{"rendered":"<p>Descripci\u00f3n 5,20\u20ac\u00a0\u2013\u00a0205,00\u20ac\u00a0(IVA incluido) Apto para cel\u00edacos e intolerantes a la lactosa Bien infiltrado en maza, arom\u00e1tico Gran relaci\u00f3n calidad \/ precio, secado natural con ventanas abiertas en Corteconcepci\u00f3n Precio 20 \u20ac\/ kg IVA incluido En el caso de pedir el producto deshuesado el peso que se servir\u00e1 al cliente es aproximadamente la mitad del peso [&hellip;]<\/p>\n","protected":false},"featured_media":669,"comment_status":"open","ping_status":"closed","template":"","meta":[],"product_cat":[28,31],"product_tag":[],"class_list":{"0":"post-666","1":"product","2":"type-product","3":"status-publish","4":"has-post-thumbnail","6":"product_cat-alimentacion","7":"product_cat-iberico","9":"first","10":"instock","11":"shipping-taxable","12":"purchasable","13":"product-type-variable","14":"has-default-attributes"},"yoast_head":"<!-- This site is optimized with the Yoast SEO plugin v23.6 - https:\/\/yoast.com\/wordpress\/plugins\/seo\/ -->\n<title>Jam\u00f3n Cebo ib\u00e9rico 50 % raza ib\u00e9rica, Brida blanca, 7.5 \u2013 8 Kg. -<\/title>\n<meta name=\"robots\" content=\"index, follow, max-snippet:-1, max-image-preview:large, max-video-preview:-1\" \/>\n<link rel=\"canonical\" href=\"https:\/\/www.100x100south.com\/blog\/producto\/jamon-cebo-iberico-50-raza-iberica-brida-blanca-7-5-8-kg\/\" \/>\n<meta property=\"og:locale\" content=\"es_ES\" \/>\n<meta property=\"og:type\" content=\"article\" \/>\n<meta property=\"og:title\" content=\"Jam\u00f3n Cebo ib\u00e9rico 50 % raza ib\u00e9rica, Brida blanca, 7.5 \u2013 8 Kg. -\" \/>\n<meta property=\"og:description\" content=\"Descripci\u00f3n 5,20\u20ac\u00a0\u2013\u00a0205,00\u20ac\u00a0(IVA incluido) Apto para cel\u00edacos e intolerantes a la lactosa Bien infiltrado en maza, arom\u00e1tico Gran relaci\u00f3n calidad \/ precio, secado natural con ventanas abiertas en Corteconcepci\u00f3n Precio 20 \u20ac\/ kg IVA incluido En el caso de pedir el producto deshuesado el peso que se servir\u00e1 al cliente es aproximadamente la mitad del peso [&hellip;]\" \/>\n<meta property=\"og:url\" content=\"https:\/\/www.100x100south.com\/blog\/producto\/jamon-cebo-iberico-50-raza-iberica-brida-blanca-7-5-8-kg\/\" \/>\n<meta property=\"article:modified_time\" content=\"2024-10-15T17:12:35+00:00\" \/>\n<meta property=\"og:image\" content=\"https:\/\/www.100x100south.com\/blog\/wp-content\/uploads\/2024\/10\/BRIDABLANCA.jpg\" \/>\n\t<meta property=\"og:image:width\" content=\"683\" \/>\n\t<meta property=\"og:image:height\" content=\"1024\" \/>\n\t<meta property=\"og:image:type\" content=\"image\/jpeg\" \/>\n<meta name=\"twitter:card\" content=\"summary_large_image\" \/>\n<meta name=\"twitter:label1\" content=\"Tiempo de lectura\" \/>\n\t<meta name=\"twitter:data1\" content=\"1 minuto\" \/>\n<script type=\"application\/ld+json\" class=\"yoast-schema-graph\">{\"@context\":\"https:\/\/schema.org\",\"@graph\":[{\"@type\":\"WebPage\",\"@id\":\"https:\/\/www.100x100south.com\/blog\/producto\/jamon-cebo-iberico-50-raza-iberica-brida-blanca-7-5-8-kg\/\",\"url\":\"https:\/\/www.100x100south.com\/blog\/producto\/jamon-cebo-iberico-50-raza-iberica-brida-blanca-7-5-8-kg\/\",\"name\":\"Jam\u00f3n Cebo ib\u00e9rico 50 % raza ib\u00e9rica, Brida blanca, 7.5 \u2013 8 Kg. -\",\"isPartOf\":{\"@id\":\"https:\/\/www.100x100south.com\/blog\/#website\"},\"primaryImageOfPage\":{\"@id\":\"https:\/\/www.100x100south.com\/blog\/producto\/jamon-cebo-iberico-50-raza-iberica-brida-blanca-7-5-8-kg\/#primaryimage\"},\"image\":{\"@id\":\"https:\/\/www.100x100south.com\/blog\/producto\/jamon-cebo-iberico-50-raza-iberica-brida-blanca-7-5-8-kg\/#primaryimage\"},\"thumbnailUrl\":\"https:\/\/www.100x100south.com\/blog\/wp-content\/uploads\/2024\/10\/BRIDABLANCA.jpg\",\"datePublished\":\"2024-10-15T16:57:49+00:00\",\"dateModified\":\"2024-10-15T17:12:35+00:00\",\"breadcrumb\":{\"@id\":\"https:\/\/www.100x100south.com\/blog\/producto\/jamon-cebo-iberico-50-raza-iberica-brida-blanca-7-5-8-kg\/#breadcrumb\"},\"inLanguage\":\"es\",\"potentialAction\":[{\"@type\":\"ReadAction\",\"target\":[\"https:\/\/www.100x100south.com\/blog\/producto\/jamon-cebo-iberico-50-raza-iberica-brida-blanca-7-5-8-kg\/\"]}]},{\"@type\":\"ImageObject\",\"inLanguage\":\"es\",\"@id\":\"https:\/\/www.100x100south.com\/blog\/producto\/jamon-cebo-iberico-50-raza-iberica-brida-blanca-7-5-8-kg\/#primaryimage\",\"url\":\"https:\/\/www.100x100south.com\/blog\/wp-content\/uploads\/2024\/10\/BRIDABLANCA.jpg\",\"contentUrl\":\"https:\/\/www.100x100south.com\/blog\/wp-content\/uploads\/2024\/10\/BRIDABLANCA.jpg\",\"width\":683,\"height\":1024,\"caption\":\"BRIDA BLANCA\"},{\"@type\":\"BreadcrumbList\",\"@id\":\"https:\/\/www.100x100south.com\/blog\/producto\/jamon-cebo-iberico-50-raza-iberica-brida-blanca-7-5-8-kg\/#breadcrumb\",\"itemListElement\":[{\"@type\":\"ListItem\",\"position\":1,\"name\":\"Portada\",\"item\":\"https:\/\/www.100x100south.com\/blog\/\"},{\"@type\":\"ListItem\",\"position\":2,\"name\":\"Tienda Gourmet\",\"item\":\"https:\/\/www.100x100south.com\/blog\/tienda\/\"},{\"@type\":\"ListItem\",\"position\":3,\"name\":\"Jam\u00f3n Cebo ib\u00e9rico 50 % raza ib\u00e9rica, Brida blanca, 7.5 \u2013 8 Kg.\"}]},{\"@type\":\"WebSite\",\"@id\":\"https:\/\/www.100x100south.com\/blog\/#website\",\"url\":\"https:\/\/www.100x100south.com\/blog\/\",\"name\":\"https:\/\/www.100x100south.com\/blog\",\"description\":\"Viajes y experiencias gastron\u00f3micas\",\"publisher\":{\"@id\":\"https:\/\/www.100x100south.com\/blog\/#organization\"},\"potentialAction\":[{\"@type\":\"SearchAction\",\"target\":{\"@type\":\"EntryPoint\",\"urlTemplate\":\"https:\/\/www.100x100south.com\/blog\/?s={search_term_string}\"},\"query-input\":{\"@type\":\"PropertyValueSpecification\",\"valueRequired\":true,\"valueName\":\"search_term_string\"}}],\"inLanguage\":\"es\"},{\"@type\":\"Organization\",\"@id\":\"https:\/\/www.100x100south.com\/blog\/#organization\",\"name\":\"100x100south\",\"url\":\"https:\/\/www.100x100south.com\/blog\/\",\"logo\":{\"@type\":\"ImageObject\",\"inLanguage\":\"es\",\"@id\":\"https:\/\/www.100x100south.com\/blog\/#\/schema\/logo\/image\/\",\"url\":\"https:\/\/www.100x100south.com\/blog\/wp-content\/uploads\/2021\/08\/cropped-cropped-100x100-South-Espanol-SVG_Mesa-de-trabajo-1-copia-4-e1629454715973.png\",\"contentUrl\":\"https:\/\/www.100x100south.com\/blog\/wp-content\/uploads\/2021\/08\/cropped-cropped-100x100-South-Espanol-SVG_Mesa-de-trabajo-1-copia-4-e1629454715973.png\",\"width\":471,\"height\":291,\"caption\":\"100x100south\"},\"image\":{\"@id\":\"https:\/\/www.100x100south.com\/blog\/#\/schema\/logo\/image\/\"}}]}<\/script>\n<!-- \/ Yoast SEO plugin. -->","yoast_head_json":{"title":"Jam\u00f3n Cebo ib\u00e9rico 50 % raza ib\u00e9rica, Brida blanca, 7.5 \u2013 8 Kg. -","robots":{"index":"index","follow":"follow","max-snippet":"max-snippet:-1","max-image-preview":"max-image-preview:large","max-video-preview":"max-video-preview:-1"},"canonical":"https:\/\/www.100x100south.com\/blog\/producto\/jamon-cebo-iberico-50-raza-iberica-brida-blanca-7-5-8-kg\/","og_locale":"es_ES","og_type":"article","og_title":"Jam\u00f3n Cebo ib\u00e9rico 50 % raza ib\u00e9rica, Brida blanca, 7.5 \u2013 8 Kg. -","og_description":"Descripci\u00f3n 5,20\u20ac\u00a0\u2013\u00a0205,00\u20ac\u00a0(IVA incluido) Apto para cel\u00edacos e intolerantes a la lactosa Bien infiltrado en maza, arom\u00e1tico Gran relaci\u00f3n calidad \/ precio, secado natural con ventanas abiertas en Corteconcepci\u00f3n Precio 20 \u20ac\/ kg IVA incluido En el caso de pedir el producto deshuesado el peso que se servir\u00e1 al cliente es aproximadamente la mitad del peso [&hellip;]","og_url":"https:\/\/www.100x100south.com\/blog\/producto\/jamon-cebo-iberico-50-raza-iberica-brida-blanca-7-5-8-kg\/","article_modified_time":"2024-10-15T17:12:35+00:00","og_image":[{"width":683,"height":1024,"url":"https:\/\/www.100x100south.com\/blog\/wp-content\/uploads\/2024\/10\/BRIDABLANCA.jpg","type":"image\/jpeg"}],"twitter_card":"summary_large_image","twitter_misc":{"Tiempo de lectura":"1 minuto"},"schema":{"@context":"https:\/\/schema.org","@graph":[{"@type":"WebPage","@id":"https:\/\/www.100x100south.com\/blog\/producto\/jamon-cebo-iberico-50-raza-iberica-brida-blanca-7-5-8-kg\/","url":"https:\/\/www.100x100south.com\/blog\/producto\/jamon-cebo-iberico-50-raza-iberica-brida-blanca-7-5-8-kg\/","name":"Jam\u00f3n Cebo ib\u00e9rico 50 % raza ib\u00e9rica, Brida blanca, 7.5 \u2013 8 Kg. -","isPartOf":{"@id":"https:\/\/www.100x100south.com\/blog\/#website"},"primaryImageOfPage":{"@id":"https:\/\/www.100x100south.com\/blog\/producto\/jamon-cebo-iberico-50-raza-iberica-brida-blanca-7-5-8-kg\/#primaryimage"},"image":{"@id":"https:\/\/www.100x100south.com\/blog\/producto\/jamon-cebo-iberico-50-raza-iberica-brida-blanca-7-5-8-kg\/#primaryimage"},"thumbnailUrl":"https:\/\/www.100x100south.com\/blog\/wp-content\/uploads\/2024\/10\/BRIDABLANCA.jpg","datePublished":"2024-10-15T16:57:49+00:00","dateModified":"2024-10-15T17:12:35+00:00","breadcrumb":{"@id":"https:\/\/www.100x100south.com\/blog\/producto\/jamon-cebo-iberico-50-raza-iberica-brida-blanca-7-5-8-kg\/#breadcrumb"},"inLanguage":"es","potentialAction":[{"@type":"ReadAction","target":["https:\/\/www.100x100south.com\/blog\/producto\/jamon-cebo-iberico-50-raza-iberica-brida-blanca-7-5-8-kg\/"]}]},{"@type":"ImageObject","inLanguage":"es","@id":"https:\/\/www.100x100south.com\/blog\/producto\/jamon-cebo-iberico-50-raza-iberica-brida-blanca-7-5-8-kg\/#primaryimage","url":"https:\/\/www.100x100south.com\/blog\/wp-content\/uploads\/2024\/10\/BRIDABLANCA.jpg","contentUrl":"https:\/\/www.100x100south.com\/blog\/wp-content\/uploads\/2024\/10\/BRIDABLANCA.jpg","width":683,"height":1024,"caption":"BRIDA BLANCA"},{"@type":"BreadcrumbList","@id":"https:\/\/www.100x100south.com\/blog\/producto\/jamon-cebo-iberico-50-raza-iberica-brida-blanca-7-5-8-kg\/#breadcrumb","itemListElement":[{"@type":"ListItem","position":1,"name":"Portada","item":"https:\/\/www.100x100south.com\/blog\/"},{"@type":"ListItem","position":2,"name":"Tienda Gourmet","item":"https:\/\/www.100x100south.com\/blog\/tienda\/"},{"@type":"ListItem","position":3,"name":"Jam\u00f3n Cebo ib\u00e9rico 50 % raza ib\u00e9rica, Brida blanca, 7.5 \u2013 8 Kg."}]},{"@type":"WebSite","@id":"https:\/\/www.100x100south.com\/blog\/#website","url":"https:\/\/www.100x100south.com\/blog\/","name":"https:\/\/www.100x100south.com\/blog","description":"Viajes y experiencias gastron\u00f3micas","publisher":{"@id":"https:\/\/www.100x100south.com\/blog\/#organization"},"potentialAction":[{"@type":"SearchAction","target":{"@type":"EntryPoint","urlTemplate":"https:\/\/www.100x100south.com\/blog\/?s={search_term_string}"},"query-input":{"@type":"PropertyValueSpecification","valueRequired":true,"valueName":"search_term_string"}}],"inLanguage":"es"},{"@type":"Organization","@id":"https:\/\/www.100x100south.com\/blog\/#organization","name":"100x100south","url":"https:\/\/www.100x100south.com\/blog\/","logo":{"@type":"ImageObject","inLanguage":"es","@id":"https:\/\/www.100x100south.com\/blog\/#\/schema\/logo\/image\/","url":"https:\/\/www.100x100south.com\/blog\/wp-content\/uploads\/2021\/08\/cropped-cropped-100x100-South-Espanol-SVG_Mesa-de-trabajo-1-copia-4-e1629454715973.png","contentUrl":"https:\/\/www.100x100south.com\/blog\/wp-content\/uploads\/2021\/08\/cropped-cropped-100x100-South-Espanol-SVG_Mesa-de-trabajo-1-copia-4-e1629454715973.png","width":471,"height":291,"caption":"100x100south"},"image":{"@id":"https:\/\/www.100x100south.com\/blog\/#\/schema\/logo\/image\/"}}]}},"_links":{"self":[{"href":"https:\/\/www.100x100south.com\/blog\/wp-json\/wp\/v2\/product\/666","targetHints":{"allow":["GET"]}}],"collection":[{"href":"https:\/\/www.100x100south.com\/blog\/wp-json\/wp\/v2\/product"}],"about":[{"href":"https:\/\/www.100x100south.com\/blog\/wp-json\/wp\/v2\/types\/product"}],"replies":[{"embeddable":true,"href":"https:\/\/www.100x100south.com\/blog\/wp-json\/wp\/v2\/comments?post=666"}],"wp:featuredmedia":[{"embeddable":true,"href":"https:\/\/www.100x100south.com\/blog\/wp-json\/wp\/v2\/media\/669"}],"wp:attachment":[{"href":"https:\/\/www.100x100south.com\/blog\/wp-json\/wp\/v2\/media?parent=666"}],"wp:term":[{"taxonomy":"product_cat","embeddable":true,"href":"https:\/\/www.100x100south.com\/blog\/wp-json\/wp\/v2\/product_cat?post=666"},{"taxonomy":"product_tag","embeddable":true,"href":"https:\/\/www.100x100south.com\/blog\/wp-json\/wp\/v2\/product_tag?post=666"}],"curies":[{"name":"wp","href":"https:\/\/api.w.org\/{rel}","templated":true}]}}