{"id":652,"date":"2024-10-15T16:35:54","date_gmt":"2024-10-15T16:35:54","guid":{"rendered":"https:\/\/www.100x100south.com\/blog\/?post_type=product&#038;p=652"},"modified":"2024-10-15T16:45:45","modified_gmt":"2024-10-15T16:45:45","slug":"jamon-cebo-campo-iberico-50-raza-iberica-brida-verde-8-8-5-kg","status":"publish","type":"product","link":"https:\/\/www.100x100south.com\/blog\/producto\/jamon-cebo-campo-iberico-50-raza-iberica-brida-verde-8-8-5-kg\/","title":{"rendered":"Jam\u00f3n Cebo Campo ib\u00e9rico, 50 % raza ib\u00e9rica, Brida verde 8-8.5 Kg."},"content":{"rendered":"<h2><img decoding=\"async\" class=\"alignnone size-medium wp-image-663\" src=\"https:\/\/www.100x100south.com\/blog\/wp-content\/uploads\/2024\/10\/BRIDAVERDE-152x300.png\" alt=\"JAMON BRIDA VERDE\" width=\"152\" height=\"300\" srcset=\"https:\/\/www.100x100south.com\/blog\/wp-content\/uploads\/2024\/10\/BRIDAVERDE-152x300.png 152w, https:\/\/www.100x100south.com\/blog\/wp-content\/uploads\/2024\/10\/BRIDAVERDE.png 358w\" sizes=\"(max-width: 152px) 100vw, 152px\" \/><\/h2>\n<h2>Descripci\u00f3n<\/h2>\n<div class=\"woocommerce-product-details__short-description\">\n<div class=\"woocommerce-product-details__short-description\">\n<p>Jam\u00f3n de 8.2-8.5 Kg. de peso neto con una variaci\u00f3n de +- 250 gr.<\/p>\n<p>Facturaremos 8.25 Kg.<\/p>\n<p>A\u00f1ada 2021<\/p>\n<p>Curaci\u00f3n natural en Corteconcepci\u00f3n con ventanas abiertas<\/p>\n<p>No se le aplica manteca por lo que es un producto m\u00e1s arom\u00e1tico<\/p>\n<p>Apta para cel\u00edacos e intolerantes a la lactosa<\/p>\n<p>Precio 24 \u20ac\/ kg IVA incluido<\/p>\n<p>Magn\u00edfica relaci\u00f3n calidad precio, jam\u00f3n afinado con ventanas abiertas en Corteconcepci\u00f3n<\/p>\n<p>Precio 24 \u20ac\/ kg IVA incluido<\/p>\n<p>Arom\u00e1tico y con mucho rendimiento<\/p>\n<p>Apto para cel\u00edacos e intolerantes a la lactosa<\/p>\n<p>En el caso de pedir el producto deshuesado el peso que se servir\u00e1 al cliente es aproximadamente la mitad del peso de la pieza con pata, se enviara al vac\u00edo.<\/p>\n<p>Peso aproximado +- 250 gr. 8-8.5 Kg.<\/p>\n<p>En caso de pedir la pieza completa loncheada en sobres de 100g, facturaremos 8kgs x 24 \u20ac + 60 \u20ac del servicio del corte que podr\u00e1 ser a m\u00e1quina o a cuchillo. De lo que obtendr\u00e1 38 sobres + taquitos + hueso.<\/p>\n<p>INGREDIENTES:<\/p>\n<p>Jam\u00f3n cebo de campo ib\u00e9rico 50 % ib\u00e9rico raza ib\u00e9rica, sal, az\u00facar, conservadores (E-252 y E-250) y antioxidante (E-300)<\/p>\n<p>PRODUCTO CERTIFICADO POR ARAPORCEI. N\u00ba 21\/IB-85\/13<\/p>\n<p>INGREDIENTES:<\/p>\n<p>Jam\u00f3n cebo de campo ib\u00e9rico 50 % ib\u00e9rico raza ib\u00e9rica, sal, az\u00facar, conservadores (E-252 y E-250) y antioxidante (E-300)<\/p>\n<p>PRODUCTO CERTIFICADO POR ARAPORCEI. N\u00ba 21\/IB-85\/13<\/p>\n<\/div>\n<\/div>\n","protected":false},"excerpt":{"rendered":"<p>Descripci\u00f3n Jam\u00f3n de 8.2-8.5 Kg. de peso neto con una variaci\u00f3n de +- 250 gr. Facturaremos 8.25 Kg. A\u00f1ada 2021 Curaci\u00f3n natural en Corteconcepci\u00f3n con ventanas abiertas No se le aplica manteca por lo que es un producto m\u00e1s arom\u00e1tico Apta para cel\u00edacos e intolerantes a la lactosa Precio 24 \u20ac\/ kg IVA incluido Magn\u00edfica [&hellip;]<\/p>\n","protected":false},"featured_media":663,"comment_status":"open","ping_status":"closed","template":"","meta":[],"product_cat":[28,31],"product_tag":[],"class_list":{"0":"post-652","1":"product","2":"type-product","3":"status-publish","4":"has-post-thumbnail","6":"product_cat-alimentacion","7":"product_cat-iberico","9":"first","10":"instock","11":"shipping-taxable","12":"purchasable","13":"product-type-variable","14":"has-default-attributes"},"yoast_head":"<!-- This site is optimized with the Yoast SEO plugin v23.6 - https:\/\/yoast.com\/wordpress\/plugins\/seo\/ -->\n<title>Jam\u00f3n Cebo Campo ib\u00e9rico, 50 % raza ib\u00e9rica, Brida verde 8-8.5 Kg. -<\/title>\n<meta name=\"robots\" content=\"index, follow, max-snippet:-1, max-image-preview:large, max-video-preview:-1\" \/>\n<link rel=\"canonical\" href=\"https:\/\/www.100x100south.com\/blog\/producto\/jamon-cebo-campo-iberico-50-raza-iberica-brida-verde-8-8-5-kg\/\" \/>\n<meta property=\"og:locale\" content=\"es_ES\" \/>\n<meta property=\"og:type\" content=\"article\" \/>\n<meta property=\"og:title\" content=\"Jam\u00f3n Cebo Campo ib\u00e9rico, 50 % raza ib\u00e9rica, Brida verde 8-8.5 Kg. -\" \/>\n<meta property=\"og:description\" content=\"Descripci\u00f3n Jam\u00f3n de 8.2-8.5 Kg. de peso neto con una variaci\u00f3n de +- 250 gr. Facturaremos 8.25 Kg. A\u00f1ada 2021 Curaci\u00f3n natural en Corteconcepci\u00f3n con ventanas abiertas No se le aplica manteca por lo que es un producto m\u00e1s arom\u00e1tico Apta para cel\u00edacos e intolerantes a la lactosa Precio 24 \u20ac\/ kg IVA incluido Magn\u00edfica [&hellip;]\" \/>\n<meta property=\"og:url\" content=\"https:\/\/www.100x100south.com\/blog\/producto\/jamon-cebo-campo-iberico-50-raza-iberica-brida-verde-8-8-5-kg\/\" \/>\n<meta property=\"article:modified_time\" content=\"2024-10-15T16:45:45+00:00\" \/>\n<meta property=\"og:image\" content=\"https:\/\/www.100x100south.com\/blog\/wp-content\/uploads\/2024\/10\/BRIDAVERDE.png\" \/>\n\t<meta property=\"og:image:width\" content=\"358\" \/>\n\t<meta property=\"og:image:height\" content=\"708\" \/>\n\t<meta property=\"og:image:type\" content=\"image\/png\" \/>\n<meta name=\"twitter:card\" content=\"summary_large_image\" \/>\n<meta name=\"twitter:label1\" content=\"Tiempo de lectura\" \/>\n\t<meta name=\"twitter:data1\" content=\"2 minutos\" \/>\n<script type=\"application\/ld+json\" class=\"yoast-schema-graph\">{\"@context\":\"https:\/\/schema.org\",\"@graph\":[{\"@type\":\"WebPage\",\"@id\":\"https:\/\/www.100x100south.com\/blog\/producto\/jamon-cebo-campo-iberico-50-raza-iberica-brida-verde-8-8-5-kg\/\",\"url\":\"https:\/\/www.100x100south.com\/blog\/producto\/jamon-cebo-campo-iberico-50-raza-iberica-brida-verde-8-8-5-kg\/\",\"name\":\"Jam\u00f3n Cebo Campo ib\u00e9rico, 50 % raza ib\u00e9rica, Brida verde 8-8.5 Kg. -\",\"isPartOf\":{\"@id\":\"https:\/\/www.100x100south.com\/blog\/#website\"},\"primaryImageOfPage\":{\"@id\":\"https:\/\/www.100x100south.com\/blog\/producto\/jamon-cebo-campo-iberico-50-raza-iberica-brida-verde-8-8-5-kg\/#primaryimage\"},\"image\":{\"@id\":\"https:\/\/www.100x100south.com\/blog\/producto\/jamon-cebo-campo-iberico-50-raza-iberica-brida-verde-8-8-5-kg\/#primaryimage\"},\"thumbnailUrl\":\"https:\/\/www.100x100south.com\/blog\/wp-content\/uploads\/2024\/10\/BRIDAVERDE.png\",\"datePublished\":\"2024-10-15T16:35:54+00:00\",\"dateModified\":\"2024-10-15T16:45:45+00:00\",\"breadcrumb\":{\"@id\":\"https:\/\/www.100x100south.com\/blog\/producto\/jamon-cebo-campo-iberico-50-raza-iberica-brida-verde-8-8-5-kg\/#breadcrumb\"},\"inLanguage\":\"es\",\"potentialAction\":[{\"@type\":\"ReadAction\",\"target\":[\"https:\/\/www.100x100south.com\/blog\/producto\/jamon-cebo-campo-iberico-50-raza-iberica-brida-verde-8-8-5-kg\/\"]}]},{\"@type\":\"ImageObject\",\"inLanguage\":\"es\",\"@id\":\"https:\/\/www.100x100south.com\/blog\/producto\/jamon-cebo-campo-iberico-50-raza-iberica-brida-verde-8-8-5-kg\/#primaryimage\",\"url\":\"https:\/\/www.100x100south.com\/blog\/wp-content\/uploads\/2024\/10\/BRIDAVERDE.png\",\"contentUrl\":\"https:\/\/www.100x100south.com\/blog\/wp-content\/uploads\/2024\/10\/BRIDAVERDE.png\",\"width\":358,\"height\":708,\"caption\":\"JAMON BRIDA VERDE\"},{\"@type\":\"BreadcrumbList\",\"@id\":\"https:\/\/www.100x100south.com\/blog\/producto\/jamon-cebo-campo-iberico-50-raza-iberica-brida-verde-8-8-5-kg\/#breadcrumb\",\"itemListElement\":[{\"@type\":\"ListItem\",\"position\":1,\"name\":\"Portada\",\"item\":\"https:\/\/www.100x100south.com\/blog\/\"},{\"@type\":\"ListItem\",\"position\":2,\"name\":\"Tienda Gourmet\",\"item\":\"https:\/\/www.100x100south.com\/blog\/tienda\/\"},{\"@type\":\"ListItem\",\"position\":3,\"name\":\"Jam\u00f3n Cebo Campo ib\u00e9rico, 50 % raza ib\u00e9rica, Brida verde 8-8.5 Kg.\"}]},{\"@type\":\"WebSite\",\"@id\":\"https:\/\/www.100x100south.com\/blog\/#website\",\"url\":\"https:\/\/www.100x100south.com\/blog\/\",\"name\":\"https:\/\/www.100x100south.com\/blog\",\"description\":\"Viajes y experiencias gastron\u00f3micas\",\"publisher\":{\"@id\":\"https:\/\/www.100x100south.com\/blog\/#organization\"},\"potentialAction\":[{\"@type\":\"SearchAction\",\"target\":{\"@type\":\"EntryPoint\",\"urlTemplate\":\"https:\/\/www.100x100south.com\/blog\/?s={search_term_string}\"},\"query-input\":{\"@type\":\"PropertyValueSpecification\",\"valueRequired\":true,\"valueName\":\"search_term_string\"}}],\"inLanguage\":\"es\"},{\"@type\":\"Organization\",\"@id\":\"https:\/\/www.100x100south.com\/blog\/#organization\",\"name\":\"100x100south\",\"url\":\"https:\/\/www.100x100south.com\/blog\/\",\"logo\":{\"@type\":\"ImageObject\",\"inLanguage\":\"es\",\"@id\":\"https:\/\/www.100x100south.com\/blog\/#\/schema\/logo\/image\/\",\"url\":\"https:\/\/www.100x100south.com\/blog\/wp-content\/uploads\/2021\/08\/cropped-cropped-100x100-South-Espanol-SVG_Mesa-de-trabajo-1-copia-4-e1629454715973.png\",\"contentUrl\":\"https:\/\/www.100x100south.com\/blog\/wp-content\/uploads\/2021\/08\/cropped-cropped-100x100-South-Espanol-SVG_Mesa-de-trabajo-1-copia-4-e1629454715973.png\",\"width\":471,\"height\":291,\"caption\":\"100x100south\"},\"image\":{\"@id\":\"https:\/\/www.100x100south.com\/blog\/#\/schema\/logo\/image\/\"}}]}<\/script>\n<!-- \/ Yoast SEO plugin. -->","yoast_head_json":{"title":"Jam\u00f3n Cebo Campo ib\u00e9rico, 50 % raza ib\u00e9rica, Brida verde 8-8.5 Kg. -","robots":{"index":"index","follow":"follow","max-snippet":"max-snippet:-1","max-image-preview":"max-image-preview:large","max-video-preview":"max-video-preview:-1"},"canonical":"https:\/\/www.100x100south.com\/blog\/producto\/jamon-cebo-campo-iberico-50-raza-iberica-brida-verde-8-8-5-kg\/","og_locale":"es_ES","og_type":"article","og_title":"Jam\u00f3n Cebo Campo ib\u00e9rico, 50 % raza ib\u00e9rica, Brida verde 8-8.5 Kg. -","og_description":"Descripci\u00f3n Jam\u00f3n de 8.2-8.5 Kg. de peso neto con una variaci\u00f3n de +- 250 gr. Facturaremos 8.25 Kg. A\u00f1ada 2021 Curaci\u00f3n natural en Corteconcepci\u00f3n con ventanas abiertas No se le aplica manteca por lo que es un producto m\u00e1s arom\u00e1tico Apta para cel\u00edacos e intolerantes a la lactosa Precio 24 \u20ac\/ kg IVA incluido Magn\u00edfica [&hellip;]","og_url":"https:\/\/www.100x100south.com\/blog\/producto\/jamon-cebo-campo-iberico-50-raza-iberica-brida-verde-8-8-5-kg\/","article_modified_time":"2024-10-15T16:45:45+00:00","og_image":[{"width":358,"height":708,"url":"https:\/\/www.100x100south.com\/blog\/wp-content\/uploads\/2024\/10\/BRIDAVERDE.png","type":"image\/png"}],"twitter_card":"summary_large_image","twitter_misc":{"Tiempo de lectura":"2 minutos"},"schema":{"@context":"https:\/\/schema.org","@graph":[{"@type":"WebPage","@id":"https:\/\/www.100x100south.com\/blog\/producto\/jamon-cebo-campo-iberico-50-raza-iberica-brida-verde-8-8-5-kg\/","url":"https:\/\/www.100x100south.com\/blog\/producto\/jamon-cebo-campo-iberico-50-raza-iberica-brida-verde-8-8-5-kg\/","name":"Jam\u00f3n Cebo Campo ib\u00e9rico, 50 % raza ib\u00e9rica, Brida verde 8-8.5 Kg. -","isPartOf":{"@id":"https:\/\/www.100x100south.com\/blog\/#website"},"primaryImageOfPage":{"@id":"https:\/\/www.100x100south.com\/blog\/producto\/jamon-cebo-campo-iberico-50-raza-iberica-brida-verde-8-8-5-kg\/#primaryimage"},"image":{"@id":"https:\/\/www.100x100south.com\/blog\/producto\/jamon-cebo-campo-iberico-50-raza-iberica-brida-verde-8-8-5-kg\/#primaryimage"},"thumbnailUrl":"https:\/\/www.100x100south.com\/blog\/wp-content\/uploads\/2024\/10\/BRIDAVERDE.png","datePublished":"2024-10-15T16:35:54+00:00","dateModified":"2024-10-15T16:45:45+00:00","breadcrumb":{"@id":"https:\/\/www.100x100south.com\/blog\/producto\/jamon-cebo-campo-iberico-50-raza-iberica-brida-verde-8-8-5-kg\/#breadcrumb"},"inLanguage":"es","potentialAction":[{"@type":"ReadAction","target":["https:\/\/www.100x100south.com\/blog\/producto\/jamon-cebo-campo-iberico-50-raza-iberica-brida-verde-8-8-5-kg\/"]}]},{"@type":"ImageObject","inLanguage":"es","@id":"https:\/\/www.100x100south.com\/blog\/producto\/jamon-cebo-campo-iberico-50-raza-iberica-brida-verde-8-8-5-kg\/#primaryimage","url":"https:\/\/www.100x100south.com\/blog\/wp-content\/uploads\/2024\/10\/BRIDAVERDE.png","contentUrl":"https:\/\/www.100x100south.com\/blog\/wp-content\/uploads\/2024\/10\/BRIDAVERDE.png","width":358,"height":708,"caption":"JAMON BRIDA VERDE"},{"@type":"BreadcrumbList","@id":"https:\/\/www.100x100south.com\/blog\/producto\/jamon-cebo-campo-iberico-50-raza-iberica-brida-verde-8-8-5-kg\/#breadcrumb","itemListElement":[{"@type":"ListItem","position":1,"name":"Portada","item":"https:\/\/www.100x100south.com\/blog\/"},{"@type":"ListItem","position":2,"name":"Tienda Gourmet","item":"https:\/\/www.100x100south.com\/blog\/tienda\/"},{"@type":"ListItem","position":3,"name":"Jam\u00f3n Cebo Campo ib\u00e9rico, 50 % raza ib\u00e9rica, Brida verde 8-8.5 Kg."}]},{"@type":"WebSite","@id":"https:\/\/www.100x100south.com\/blog\/#website","url":"https:\/\/www.100x100south.com\/blog\/","name":"https:\/\/www.100x100south.com\/blog","description":"Viajes y experiencias gastron\u00f3micas","publisher":{"@id":"https:\/\/www.100x100south.com\/blog\/#organization"},"potentialAction":[{"@type":"SearchAction","target":{"@type":"EntryPoint","urlTemplate":"https:\/\/www.100x100south.com\/blog\/?s={search_term_string}"},"query-input":{"@type":"PropertyValueSpecification","valueRequired":true,"valueName":"search_term_string"}}],"inLanguage":"es"},{"@type":"Organization","@id":"https:\/\/www.100x100south.com\/blog\/#organization","name":"100x100south","url":"https:\/\/www.100x100south.com\/blog\/","logo":{"@type":"ImageObject","inLanguage":"es","@id":"https:\/\/www.100x100south.com\/blog\/#\/schema\/logo\/image\/","url":"https:\/\/www.100x100south.com\/blog\/wp-content\/uploads\/2021\/08\/cropped-cropped-100x100-South-Espanol-SVG_Mesa-de-trabajo-1-copia-4-e1629454715973.png","contentUrl":"https:\/\/www.100x100south.com\/blog\/wp-content\/uploads\/2021\/08\/cropped-cropped-100x100-South-Espanol-SVG_Mesa-de-trabajo-1-copia-4-e1629454715973.png","width":471,"height":291,"caption":"100x100south"},"image":{"@id":"https:\/\/www.100x100south.com\/blog\/#\/schema\/logo\/image\/"}}]}},"_links":{"self":[{"href":"https:\/\/www.100x100south.com\/blog\/wp-json\/wp\/v2\/product\/652","targetHints":{"allow":["GET"]}}],"collection":[{"href":"https:\/\/www.100x100south.com\/blog\/wp-json\/wp\/v2\/product"}],"about":[{"href":"https:\/\/www.100x100south.com\/blog\/wp-json\/wp\/v2\/types\/product"}],"replies":[{"embeddable":true,"href":"https:\/\/www.100x100south.com\/blog\/wp-json\/wp\/v2\/comments?post=652"}],"wp:featuredmedia":[{"embeddable":true,"href":"https:\/\/www.100x100south.com\/blog\/wp-json\/wp\/v2\/media\/663"}],"wp:attachment":[{"href":"https:\/\/www.100x100south.com\/blog\/wp-json\/wp\/v2\/media?parent=652"}],"wp:term":[{"taxonomy":"product_cat","embeddable":true,"href":"https:\/\/www.100x100south.com\/blog\/wp-json\/wp\/v2\/product_cat?post=652"},{"taxonomy":"product_tag","embeddable":true,"href":"https:\/\/www.100x100south.com\/blog\/wp-json\/wp\/v2\/product_tag?post=652"}],"curies":[{"name":"wp","href":"https:\/\/api.w.org\/{rel}","templated":true}]}}