{"id":382,"date":"2024-05-07T16:34:17","date_gmt":"2024-05-07T16:34:17","guid":{"rendered":"https:\/\/www.100x100south.com\/blog\/?page_id=382"},"modified":"2024-06-19T08:35:31","modified_gmt":"2024-06-19T08:35:31","slug":"experiencias-gastronomicas","status":"publish","type":"page","link":"https:\/\/www.100x100south.com\/blog\/experiencias-gastronomicas\/","title":{"rendered":"Experiencias Gastron\u00f3micas"},"content":{"rendered":"<p>Nuestra web 100&#215;100 South est\u00e1 dedicada al turismo gastron\u00f3mico en Andaluc\u00eda, ofreciendo una amplia gama de <strong>actividades que incluyen tours, catas y experiencias culinarias<\/strong> que resaltan la rica diversidad gastron\u00f3mica de nuestra tierra. <br>Cada destino dentro de Andaluc\u00eda, como M\u00e1laga, Sevilla, C\u00f3rdoba, Granada, entre otros, presenta caracter\u00edsticas \u00fanicas que son exploradas a trav\u00e9s de estas actividades. Por ejemplo, en Sevilla se puede disfrutar de platos tradicionales como el gazpacho y el jam\u00f3n, mientras que en C\u00e1diz el enfoque est\u00e1 en los sabores marinos como los mariscos y el vino.<\/p><p>El sitio promueve tambi\u00e9n la integraci\u00f3n social y cultural a trav\u00e9s de sus actividades, que no solo est\u00e1n pensadas para degustar, sino tambi\u00e9n para entender y apreciar el contexto y la historia de cada lugar visitado. Adem\u00e1s, ofrecen viajes personalizados que pueden adaptarse a los intereses espec\u00edficos de los visitantes, asegurando una experiencia m\u00e1s \u00edntima y dirigida.<\/p><p><a href=\"http:\/\/www.100x100south.com\" target=\"_blank\" rel=\"noreferrer noopener\"><strong><mark style=\"background-color:#000000\" class=\"has-inline-color has-light-green-cyan-color\">Para m\u00e1s detalles sobre nuestras actividades, puedes visitar directamente nuestra web<\/mark><\/strong><\/a><\/p><p><\/p>","protected":false},"excerpt":{"rendered":"<p>Nuestra web 100&#215;100 South est\u00e1 dedicada al turismo gastron\u00f3mico en Andaluc\u00eda, ofreciendo una amplia gama de actividades que incluyen tours, catas y experiencias culinarias que resaltan la rica diversidad gastron\u00f3mica de nuestra tierra. Cada destino dentro de Andaluc\u00eda, como M\u00e1laga, Sevilla, C\u00f3rdoba, Granada, entre otros, presenta caracter\u00edsticas \u00fanicas que son exploradas a trav\u00e9s de estas [&hellip;]<\/p>\n","protected":false},"author":1,"featured_media":410,"parent":0,"menu_order":2,"comment_status":"closed","ping_status":"closed","template":"","meta":{"footnotes":""},"class_list":["post-382","page","type-page","status-publish","has-post-thumbnail","hentry"],"yoast_head":"<!-- This site is optimized with the Yoast SEO plugin v23.6 - https:\/\/yoast.com\/wordpress\/plugins\/seo\/ -->\n<title>Experiencias Gastron\u00f3micas -<\/title>\n<meta name=\"description\" content=\"Descubre las experiencias gastron\u00f3micas en 100x100 South y sum\u00e9rgete en la rica diversidad culinaria de Andaluc\u00eda con tours, catas y actividades personalizadas que resaltan la cultura y sabores \u00fanicos de cada regi\u00f3n.\" \/>\n<meta name=\"robots\" content=\"index, follow, max-snippet:-1, max-image-preview:large, max-video-preview:-1\" \/>\n<link rel=\"canonical\" href=\"https:\/\/www.100x100south.com\/blog\/experiencias-gastronomicas\/\" \/>\n<meta property=\"og:locale\" content=\"es_ES\" \/>\n<meta property=\"og:type\" content=\"article\" \/>\n<meta property=\"og:title\" content=\"Experiencias Gastron\u00f3micas -\" \/>\n<meta property=\"og:description\" content=\"Descubre las experiencias gastron\u00f3micas en 100x100 South y sum\u00e9rgete en la rica diversidad culinaria de Andaluc\u00eda con tours, catas y actividades personalizadas que resaltan la cultura y sabores \u00fanicos de cada regi\u00f3n.\" \/>\n<meta property=\"og:url\" content=\"https:\/\/www.100x100south.com\/blog\/experiencias-gastronomicas\/\" \/>\n<meta property=\"article:modified_time\" content=\"2024-06-19T08:35:31+00:00\" \/>\n<meta property=\"og:image\" content=\"https:\/\/www.100x100south.com\/blog\/wp-content\/uploads\/2024\/05\/vino-blanco-posavasos-2021-alderecho-1500px.jpg\" \/>\n\t<meta property=\"og:image:width\" content=\"800\" \/>\n\t<meta property=\"og:image:height\" content=\"533\" \/>\n\t<meta property=\"og:image:type\" content=\"image\/jpeg\" \/>\n<meta name=\"twitter:card\" content=\"summary_large_image\" \/>\n<meta name=\"twitter:label1\" content=\"Tiempo de lectura\" \/>\n\t<meta name=\"twitter:data1\" content=\"1 minuto\" \/>\n<script type=\"application\/ld+json\" class=\"yoast-schema-graph\">{\"@context\":\"https:\/\/schema.org\",\"@graph\":[{\"@type\":\"WebPage\",\"@id\":\"https:\/\/www.100x100south.com\/blog\/experiencias-gastronomicas\/\",\"url\":\"https:\/\/www.100x100south.com\/blog\/experiencias-gastronomicas\/\",\"name\":\"Experiencias Gastron\u00f3micas -\",\"isPartOf\":{\"@id\":\"https:\/\/www.100x100south.com\/blog\/#website\"},\"primaryImageOfPage\":{\"@id\":\"https:\/\/www.100x100south.com\/blog\/experiencias-gastronomicas\/#primaryimage\"},\"image\":{\"@id\":\"https:\/\/www.100x100south.com\/blog\/experiencias-gastronomicas\/#primaryimage\"},\"thumbnailUrl\":\"https:\/\/www.100x100south.com\/blog\/wp-content\/uploads\/2024\/05\/vino-blanco-posavasos-2021-alderecho-1500px.jpg\",\"datePublished\":\"2024-05-07T16:34:17+00:00\",\"dateModified\":\"2024-06-19T08:35:31+00:00\",\"description\":\"Descubre las experiencias gastron\u00f3micas en 100x100 South y sum\u00e9rgete en la rica diversidad culinaria de Andaluc\u00eda con tours, catas y actividades personalizadas que resaltan la cultura y sabores \u00fanicos de cada regi\u00f3n.\",\"breadcrumb\":{\"@id\":\"https:\/\/www.100x100south.com\/blog\/experiencias-gastronomicas\/#breadcrumb\"},\"inLanguage\":\"es\",\"potentialAction\":[{\"@type\":\"ReadAction\",\"target\":[\"https:\/\/www.100x100south.com\/blog\/experiencias-gastronomicas\/\"]}]},{\"@type\":\"ImageObject\",\"inLanguage\":\"es\",\"@id\":\"https:\/\/www.100x100south.com\/blog\/experiencias-gastronomicas\/#primaryimage\",\"url\":\"https:\/\/www.100x100south.com\/blog\/wp-content\/uploads\/2024\/05\/vino-blanco-posavasos-2021-alderecho-1500px.jpg\",\"contentUrl\":\"https:\/\/www.100x100south.com\/blog\/wp-content\/uploads\/2024\/05\/vino-blanco-posavasos-2021-alderecho-1500px.jpg\",\"width\":800,\"height\":533},{\"@type\":\"BreadcrumbList\",\"@id\":\"https:\/\/www.100x100south.com\/blog\/experiencias-gastronomicas\/#breadcrumb\",\"itemListElement\":[{\"@type\":\"ListItem\",\"position\":1,\"name\":\"Portada\",\"item\":\"https:\/\/www.100x100south.com\/blog\/\"},{\"@type\":\"ListItem\",\"position\":2,\"name\":\"Experiencias Gastron\u00f3micas\"}]},{\"@type\":\"WebSite\",\"@id\":\"https:\/\/www.100x100south.com\/blog\/#website\",\"url\":\"https:\/\/www.100x100south.com\/blog\/\",\"name\":\"https:\/\/www.100x100south.com\/blog\",\"description\":\"Viajes y experiencias gastron\u00f3micas\",\"publisher\":{\"@id\":\"https:\/\/www.100x100south.com\/blog\/#organization\"},\"potentialAction\":[{\"@type\":\"SearchAction\",\"target\":{\"@type\":\"EntryPoint\",\"urlTemplate\":\"https:\/\/www.100x100south.com\/blog\/?s={search_term_string}\"},\"query-input\":{\"@type\":\"PropertyValueSpecification\",\"valueRequired\":true,\"valueName\":\"search_term_string\"}}],\"inLanguage\":\"es\"},{\"@type\":\"Organization\",\"@id\":\"https:\/\/www.100x100south.com\/blog\/#organization\",\"name\":\"100x100south\",\"url\":\"https:\/\/www.100x100south.com\/blog\/\",\"logo\":{\"@type\":\"ImageObject\",\"inLanguage\":\"es\",\"@id\":\"https:\/\/www.100x100south.com\/blog\/#\/schema\/logo\/image\/\",\"url\":\"https:\/\/www.100x100south.com\/blog\/wp-content\/uploads\/2021\/08\/cropped-cropped-100x100-South-Espanol-SVG_Mesa-de-trabajo-1-copia-4-e1629454715973.png\",\"contentUrl\":\"https:\/\/www.100x100south.com\/blog\/wp-content\/uploads\/2021\/08\/cropped-cropped-100x100-South-Espanol-SVG_Mesa-de-trabajo-1-copia-4-e1629454715973.png\",\"width\":471,\"height\":291,\"caption\":\"100x100south\"},\"image\":{\"@id\":\"https:\/\/www.100x100south.com\/blog\/#\/schema\/logo\/image\/\"}}]}<\/script>\n<!-- \/ Yoast SEO plugin. -->","yoast_head_json":{"title":"Experiencias Gastron\u00f3micas -","description":"Descubre las experiencias gastron\u00f3micas en 100x100 South y sum\u00e9rgete en la rica diversidad culinaria de Andaluc\u00eda con tours, catas y actividades personalizadas que resaltan la cultura y sabores \u00fanicos de cada regi\u00f3n.","robots":{"index":"index","follow":"follow","max-snippet":"max-snippet:-1","max-image-preview":"max-image-preview:large","max-video-preview":"max-video-preview:-1"},"canonical":"https:\/\/www.100x100south.com\/blog\/experiencias-gastronomicas\/","og_locale":"es_ES","og_type":"article","og_title":"Experiencias Gastron\u00f3micas -","og_description":"Descubre las experiencias gastron\u00f3micas en 100x100 South y sum\u00e9rgete en la rica diversidad culinaria de Andaluc\u00eda con tours, catas y actividades personalizadas que resaltan la cultura y sabores \u00fanicos de cada regi\u00f3n.","og_url":"https:\/\/www.100x100south.com\/blog\/experiencias-gastronomicas\/","article_modified_time":"2024-06-19T08:35:31+00:00","og_image":[{"width":800,"height":533,"url":"https:\/\/www.100x100south.com\/blog\/wp-content\/uploads\/2024\/05\/vino-blanco-posavasos-2021-alderecho-1500px.jpg","type":"image\/jpeg"}],"twitter_card":"summary_large_image","twitter_misc":{"Tiempo de lectura":"1 minuto"},"schema":{"@context":"https:\/\/schema.org","@graph":[{"@type":"WebPage","@id":"https:\/\/www.100x100south.com\/blog\/experiencias-gastronomicas\/","url":"https:\/\/www.100x100south.com\/blog\/experiencias-gastronomicas\/","name":"Experiencias Gastron\u00f3micas -","isPartOf":{"@id":"https:\/\/www.100x100south.com\/blog\/#website"},"primaryImageOfPage":{"@id":"https:\/\/www.100x100south.com\/blog\/experiencias-gastronomicas\/#primaryimage"},"image":{"@id":"https:\/\/www.100x100south.com\/blog\/experiencias-gastronomicas\/#primaryimage"},"thumbnailUrl":"https:\/\/www.100x100south.com\/blog\/wp-content\/uploads\/2024\/05\/vino-blanco-posavasos-2021-alderecho-1500px.jpg","datePublished":"2024-05-07T16:34:17+00:00","dateModified":"2024-06-19T08:35:31+00:00","description":"Descubre las experiencias gastron\u00f3micas en 100x100 South y sum\u00e9rgete en la rica diversidad culinaria de Andaluc\u00eda con tours, catas y actividades personalizadas que resaltan la cultura y sabores \u00fanicos de cada regi\u00f3n.","breadcrumb":{"@id":"https:\/\/www.100x100south.com\/blog\/experiencias-gastronomicas\/#breadcrumb"},"inLanguage":"es","potentialAction":[{"@type":"ReadAction","target":["https:\/\/www.100x100south.com\/blog\/experiencias-gastronomicas\/"]}]},{"@type":"ImageObject","inLanguage":"es","@id":"https:\/\/www.100x100south.com\/blog\/experiencias-gastronomicas\/#primaryimage","url":"https:\/\/www.100x100south.com\/blog\/wp-content\/uploads\/2024\/05\/vino-blanco-posavasos-2021-alderecho-1500px.jpg","contentUrl":"https:\/\/www.100x100south.com\/blog\/wp-content\/uploads\/2024\/05\/vino-blanco-posavasos-2021-alderecho-1500px.jpg","width":800,"height":533},{"@type":"BreadcrumbList","@id":"https:\/\/www.100x100south.com\/blog\/experiencias-gastronomicas\/#breadcrumb","itemListElement":[{"@type":"ListItem","position":1,"name":"Portada","item":"https:\/\/www.100x100south.com\/blog\/"},{"@type":"ListItem","position":2,"name":"Experiencias Gastron\u00f3micas"}]},{"@type":"WebSite","@id":"https:\/\/www.100x100south.com\/blog\/#website","url":"https:\/\/www.100x100south.com\/blog\/","name":"https:\/\/www.100x100south.com\/blog","description":"Viajes y experiencias gastron\u00f3micas","publisher":{"@id":"https:\/\/www.100x100south.com\/blog\/#organization"},"potentialAction":[{"@type":"SearchAction","target":{"@type":"EntryPoint","urlTemplate":"https:\/\/www.100x100south.com\/blog\/?s={search_term_string}"},"query-input":{"@type":"PropertyValueSpecification","valueRequired":true,"valueName":"search_term_string"}}],"inLanguage":"es"},{"@type":"Organization","@id":"https:\/\/www.100x100south.com\/blog\/#organization","name":"100x100south","url":"https:\/\/www.100x100south.com\/blog\/","logo":{"@type":"ImageObject","inLanguage":"es","@id":"https:\/\/www.100x100south.com\/blog\/#\/schema\/logo\/image\/","url":"https:\/\/www.100x100south.com\/blog\/wp-content\/uploads\/2021\/08\/cropped-cropped-100x100-South-Espanol-SVG_Mesa-de-trabajo-1-copia-4-e1629454715973.png","contentUrl":"https:\/\/www.100x100south.com\/blog\/wp-content\/uploads\/2021\/08\/cropped-cropped-100x100-South-Espanol-SVG_Mesa-de-trabajo-1-copia-4-e1629454715973.png","width":471,"height":291,"caption":"100x100south"},"image":{"@id":"https:\/\/www.100x100south.com\/blog\/#\/schema\/logo\/image\/"}}]}},"_links":{"self":[{"href":"https:\/\/www.100x100south.com\/blog\/wp-json\/wp\/v2\/pages\/382","targetHints":{"allow":["GET"]}}],"collection":[{"href":"https:\/\/www.100x100south.com\/blog\/wp-json\/wp\/v2\/pages"}],"about":[{"href":"https:\/\/www.100x100south.com\/blog\/wp-json\/wp\/v2\/types\/page"}],"author":[{"embeddable":true,"href":"https:\/\/www.100x100south.com\/blog\/wp-json\/wp\/v2\/users\/1"}],"replies":[{"embeddable":true,"href":"https:\/\/www.100x100south.com\/blog\/wp-json\/wp\/v2\/comments?post=382"}],"version-history":[{"count":5,"href":"https:\/\/www.100x100south.com\/blog\/wp-json\/wp\/v2\/pages\/382\/revisions"}],"predecessor-version":[{"id":640,"href":"https:\/\/www.100x100south.com\/blog\/wp-json\/wp\/v2\/pages\/382\/revisions\/640"}],"wp:featuredmedia":[{"embeddable":true,"href":"https:\/\/www.100x100south.com\/blog\/wp-json\/wp\/v2\/media\/410"}],"wp:attachment":[{"href":"https:\/\/www.100x100south.com\/blog\/wp-json\/wp\/v2\/media?parent=382"}],"curies":[{"name":"wp","href":"https:\/\/api.w.org\/{rel}","templated":true}]}}