{"id":310,"date":"2023-04-26T08:57:10","date_gmt":"2023-04-26T08:57:10","guid":{"rendered":"https:\/\/www.100x100south.com\/blog\/?page_id=310"},"modified":"2023-04-26T08:59:35","modified_gmt":"2023-04-26T08:59:35","slug":"mapa-web","status":"publish","type":"page","link":"https:\/\/www.100x100south.com\/blog\/mapa-web\/","title":{"rendered":"Mapa web"},"content":{"rendered":"<div class=\"wsp-container\"><h2 class=\"wsp-pages-title\">P\u00e1ginas<\/h2>\n<ul class=\"wsp-pages-list\">\n<li class=\"page_item page-item-218\"><a href=\"https:\/\/www.100x100south.com\/blog\/aviso-legal\/\">Aviso legal<\/a><\/li>\n<li class=\"page_item page-item-138\"><a href=\"https:\/\/www.100x100south.com\/blog\/carrito\/\">Carrito<\/a><\/li>\n<li class=\"page_item page-item-168\"><a href=\"https:\/\/www.100x100south.com\/blog\/declaracion-de-accesibilidad\/\">Declaraci\u00f3n de accesibilidad<\/a><\/li>\n<li class=\"page_item page-item-139\"><a href=\"https:\/\/www.100x100south.com\/blog\/finalizar-compra\/\">Finalizar compra<\/a><\/li>\n<li class=\"page_item page-item-310\"><a href=\"https:\/\/www.100x100south.com\/blog\/mapa-web\/\">Mapa web<\/a><\/li>\n<li class=\"page_item page-item-140\"><a href=\"https:\/\/www.100x100south.com\/blog\/mi-cuenta\/\">Mi cuenta<\/a><\/li>\n<li class=\"page_item page-item-3\"><a href=\"https:\/\/www.100x100south.com\/blog\/politica-privacidad\/\">Pol\u00edtica de privacidad<\/a><\/li>\n<li class=\"page_item page-item-137\"><a href=\"https:\/\/www.100x100south.com\/blog\/tienda\/\">Tienda Gourmet<\/a><\/li>\n<li class=\"page_item page-item-382\"><a href=\"https:\/\/www.100x100south.com\/blog\/experiencias-gastronomicas\/\">Experiencias Gastron\u00f3micas<\/a><\/li>\n<li class=\"page_item page-item-380\"><a href=\"https:\/\/www.100x100south.com\/blog\/recetas-andaluzas\/\">Recetas Andaluzas<\/a><\/li>\n<\/ul>\n<h2 class=\"wsp-posts-title\">Posts por categor\u00eda<\/h2>\n<ul class=\"wsp-posts-list\">\n\t<li><strong class=\"wsp-category-title\">Category: <a href=\"https:\/\/www.100x100south.com\/blog\/category\/recetas-andaluzas\/\">RECETAS ANDALUZAS<\/a><\/strong>\n<ul class=\"wsp-posts-list\">\t\t<li class=\"wsp-post\"><a href=\"https:\/\/www.100x100south.com\/blog\/hola-mundo\/\">ANDALUC\u00cdA PRODUCTOS GOURMET<\/a><\/li>\n\t\t<li class=\"wsp-post\"><a href=\"https:\/\/www.100x100south.com\/blog\/receta-de-flamenquin-cordobes\/\">Receta de Flamenqu\u00edn Cordob\u00e9s<\/a><\/li>\n\t\t<li class=\"wsp-post\"><a href=\"https:\/\/www.100x100south.com\/blog\/receta-de-tortillitas-de-camarones-para-4-personas\/\">Receta de Tortillitas de Camarones para 4 personas<\/a><\/li>\n\t\t<li class=\"wsp-post\"><a href=\"https:\/\/www.100x100south.com\/blog\/receta-de-las-migas-andaluzas-para-4-personas\/\">Receta de Migas Andaluzas para 4 personas<\/a><\/li>\n\t<li><strong class=\"wsp-category-title\">Category: <a href=\"https:\/\/www.100x100south.com\/blog\/category\/recetas-andaluzas\/guisos\/\">CARNES<\/a><\/strong>\n<ul class=\"wsp-posts-list\">\t\t<li class=\"wsp-post\"><a href=\"https:\/\/www.100x100south.com\/blog\/receta-de-rabo-de-toro-para-4-personas\/\">Receta de Rabo de Toro para 4 personas<\/a><\/li>\n<\/ul><\/li>\n\t<li><strong class=\"wsp-category-title\">Category: <a href=\"https:\/\/www.100x100south.com\/blog\/category\/recetas-andaluzas\/ensaladas\/\">ENSALADAS<\/a><\/strong>\n<ul class=\"wsp-posts-list\">\t\t<li class=\"wsp-post\"><a href=\"https:\/\/www.100x100south.com\/blog\/receta-de-pipirrana-para-4-personas\/\">Receta de Pipirrana para 4 personas<\/a><\/li>\n<\/ul><\/li>\n\t<li><strong class=\"wsp-category-title\">Category: <a href=\"https:\/\/www.100x100south.com\/blog\/category\/recetas-andaluzas\/guisos-recetas-andaluzas\/\">GUISOS<\/a><\/strong>\n<ul class=\"wsp-posts-list\">\t\t<li class=\"wsp-post\"><a href=\"https:\/\/www.100x100south.com\/blog\/receta-de-berza-gitana-para-4-personas\/\">Receta de Berza Gitana para 4 personas<\/a><\/li>\n\t\t<li class=\"wsp-post\"><a href=\"https:\/\/www.100x100south.com\/blog\/receta-del-puchero-andaluz\/\">Receta del Puchero Andaluz para 4 personas<\/a><\/li>\n\t\t<li class=\"wsp-post\"><a href=\"https:\/\/www.100x100south.com\/blog\/receta-del-ajo-lebrijano-para-4-personas\/\">Receta del Ajo Lebrijano para 4 personas<\/a><\/li>\n\t\t<li class=\"wsp-post\"><a href=\"https:\/\/www.100x100south.com\/blog\/receta-de-huevos-a-la-flamenca-para-4-personas\/\">Receta de Huevos a la Flamenca para 4 personas<\/a><\/li>\n<\/ul><\/li>\n\t<li><strong class=\"wsp-category-title\">Category: <a href=\"https:\/\/www.100x100south.com\/blog\/category\/recetas-andaluzas\/pescados\/\">PESCADOS<\/a><\/strong>\n<ul class=\"wsp-posts-list\">\t\t<li class=\"wsp-post\"><a href=\"https:\/\/www.100x100south.com\/blog\/receta-de-cazon-en-adobo-para-4-personas\/\">Receta de Caz\u00f3n en adobo para 4 personas<\/a><\/li>\n\t\t<li class=\"wsp-post\"><a href=\"https:\/\/www.100x100south.com\/blog\/receta-de-espetos-para-4-personas\/\">Receta de Espetos para 4 personas<\/a><\/li>\n\t\t<li class=\"wsp-post\"><a href=\"https:\/\/www.100x100south.com\/blog\/receta-de-pescaito-frito-para-4-personas\/\">\u00a0Receta de Pesca\u00edto Frito para 4 Personas<\/a><\/li>\n<\/ul><\/li>\n\t<li><strong class=\"wsp-category-title\">Category: <a href=\"https:\/\/www.100x100south.com\/blog\/category\/recetas-andaluzas\/sopas-y-cremas\/\">SOPAS Y CREMAS<\/a><\/strong>\n<ul class=\"wsp-posts-list\">\t\t<li class=\"wsp-post\"><a href=\"https:\/\/www.100x100south.com\/blog\/receta-de-ajo-blanco-para-4-personas\/\">Receta de Ajo Blanco para 4 personas<\/a><\/li>\n\t\t<li class=\"wsp-post\"><a href=\"https:\/\/www.100x100south.com\/blog\/receta-del-gazpacho-andaluz-para-4-personas\/\">Receta del Gazpacho Andaluz para 4 personas<\/a><\/li>\n\t\t<li class=\"wsp-post\"><a href=\"https:\/\/www.100x100south.com\/blog\/receta-de-salmorejo-para-4-personas\/\">Receta de Salmorejo para 4 personas<\/a><\/li>\n<\/ul><\/li>\n<\/ul><\/li>\n<\/ul>\n<h2 class=\"wsp-elementor_librarys-title\">Mis plantillas<\/h2>\n<ul class=\"wsp-elementor_librarys-list\">\n<li><a href=\"https:\/\/www.100x100south.com\/blog\/?elementor_library=kit-por-defecto\">Kit por defecto<\/a><\/li>\n<\/ul>\n<h2 class=\"wsp-products-title\">Products<\/h2>\n<ul class=\"wsp-products-list\">\n<li><a href=\"https:\/\/www.100x100south.com\/blog\/producto\/lote-regalo-surtido-eiriz\/\">Lote Regalo surtido E\u00edriz<\/a><\/li>\n<li><a href=\"https:\/\/www.100x100south.com\/blog\/producto\/jamon-cebo-iberico-50-raza-iberica-brida-blanca-7-5-8-kg\/\">Jam\u00f3n Cebo ib\u00e9rico 50 % raza ib\u00e9rica, Brida blanca, 7.5 \u2013 8 Kg.<\/a><\/li>\n<li><a href=\"https:\/\/www.100x100south.com\/blog\/producto\/jamon-cebo-campo-iberico-50-raza-iberica-brida-verde-8-8-5-kg\/\">Jam\u00f3n Cebo Campo ib\u00e9rico, 50 % raza ib\u00e9rica, Brida verde 8-8.5 Kg.<\/a><\/li>\n<li><a href=\"https:\/\/www.100x100south.com\/blog\/producto\/jamon-de-bellota-100-iberico-denominacion-de-origen-protegida-jabugo-anada-2020-brida-negra\/\">Jam\u00f3n de Bellota 100 % ib\u00e9rico. Denominaci\u00f3n de Origen Protegida Jabugo. A\u00f1ada 2022. Brida Negra.<\/a><\/li>\n<\/ul>\n<h2 class=\"wsp-bwg_gallerys-title\">Galer\u00edas<\/h2>\n<ul class=\"wsp-bwg_gallerys-list\">\n<li><a href=\"https:\/\/www.100x100south.com\/blog\/bwg_gallery\/almera\/\">Almer&iacute;a<\/a><\/li>\n<\/ul>\n<h2 class=\"wsp-product_cats-title\">Product categories<\/h2>\n<ul class=\"wsp-product_cats-list\">\n<li><a href=\"https:\/\/www.100x100south.com\/blog\/categoria-producto\/alimentacion\/quesos\/\">Quesos<\/a><\/li>\n<li><a href=\"https:\/\/www.100x100south.com\/blog\/categoria-producto\/alimentacion\/aceites-aove\/\">Aceites AOVE<\/a><\/li>\n<li><a href=\"https:\/\/www.100x100south.com\/blog\/categoria-producto\/alimentacion\/\">Alimentaci\u00f3n<\/a><\/li>\n<li><a href=\"https:\/\/www.100x100south.com\/blog\/categoria-producto\/alimentacion\/iberico\/\">Ib\u00e9rico<\/a><\/li>\n<\/ul>\n<\/div>","protected":false},"excerpt":{"rendered":"","protected":false},"author":1,"featured_media":0,"parent":0,"menu_order":0,"comment_status":"closed","ping_status":"closed","template":"elementor_theme","meta":{"footnotes":""},"class_list":["post-310","page","type-page","status-publish","hentry"],"yoast_head":"<!-- This site is optimized with the Yoast SEO plugin v23.6 - https:\/\/yoast.com\/wordpress\/plugins\/seo\/ -->\n<title>Mapa web -<\/title>\n<meta name=\"robots\" content=\"index, follow, max-snippet:-1, max-image-preview:large, max-video-preview:-1\" \/>\n<link rel=\"canonical\" href=\"https:\/\/www.100x100south.com\/blog\/mapa-web\/\" \/>\n<meta property=\"og:locale\" content=\"es_ES\" \/>\n<meta property=\"og:type\" content=\"article\" \/>\n<meta property=\"og:title\" content=\"Mapa web -\" \/>\n<meta property=\"og:url\" content=\"https:\/\/www.100x100south.com\/blog\/mapa-web\/\" \/>\n<meta property=\"article:modified_time\" content=\"2023-04-26T08:59:35+00:00\" \/>\n<meta name=\"twitter:card\" content=\"summary_large_image\" \/>\n<script type=\"application\/ld+json\" class=\"yoast-schema-graph\">{\"@context\":\"https:\/\/schema.org\",\"@graph\":[{\"@type\":\"WebPage\",\"@id\":\"https:\/\/www.100x100south.com\/blog\/mapa-web\/\",\"url\":\"https:\/\/www.100x100south.com\/blog\/mapa-web\/\",\"name\":\"Mapa web -\",\"isPartOf\":{\"@id\":\"https:\/\/www.100x100south.com\/blog\/#website\"},\"datePublished\":\"2023-04-26T08:57:10+00:00\",\"dateModified\":\"2023-04-26T08:59:35+00:00\",\"breadcrumb\":{\"@id\":\"https:\/\/www.100x100south.com\/blog\/mapa-web\/#breadcrumb\"},\"inLanguage\":\"es\",\"potentialAction\":[{\"@type\":\"ReadAction\",\"target\":[\"https:\/\/www.100x100south.com\/blog\/mapa-web\/\"]}]},{\"@type\":\"BreadcrumbList\",\"@id\":\"https:\/\/www.100x100south.com\/blog\/mapa-web\/#breadcrumb\",\"itemListElement\":[{\"@type\":\"ListItem\",\"position\":1,\"name\":\"Portada\",\"item\":\"https:\/\/www.100x100south.com\/blog\/\"},{\"@type\":\"ListItem\",\"position\":2,\"name\":\"Mapa web\"}]},{\"@type\":\"WebSite\",\"@id\":\"https:\/\/www.100x100south.com\/blog\/#website\",\"url\":\"https:\/\/www.100x100south.com\/blog\/\",\"name\":\"https:\/\/www.100x100south.com\/blog\",\"description\":\"Viajes y experiencias gastron\u00f3micas\",\"publisher\":{\"@id\":\"https:\/\/www.100x100south.com\/blog\/#organization\"},\"potentialAction\":[{\"@type\":\"SearchAction\",\"target\":{\"@type\":\"EntryPoint\",\"urlTemplate\":\"https:\/\/www.100x100south.com\/blog\/?s={search_term_string}\"},\"query-input\":{\"@type\":\"PropertyValueSpecification\",\"valueRequired\":true,\"valueName\":\"search_term_string\"}}],\"inLanguage\":\"es\"},{\"@type\":\"Organization\",\"@id\":\"https:\/\/www.100x100south.com\/blog\/#organization\",\"name\":\"100x100south\",\"url\":\"https:\/\/www.100x100south.com\/blog\/\",\"logo\":{\"@type\":\"ImageObject\",\"inLanguage\":\"es\",\"@id\":\"https:\/\/www.100x100south.com\/blog\/#\/schema\/logo\/image\/\",\"url\":\"https:\/\/www.100x100south.com\/blog\/wp-content\/uploads\/2021\/08\/cropped-cropped-100x100-South-Espanol-SVG_Mesa-de-trabajo-1-copia-4-e1629454715973.png\",\"contentUrl\":\"https:\/\/www.100x100south.com\/blog\/wp-content\/uploads\/2021\/08\/cropped-cropped-100x100-South-Espanol-SVG_Mesa-de-trabajo-1-copia-4-e1629454715973.png\",\"width\":471,\"height\":291,\"caption\":\"100x100south\"},\"image\":{\"@id\":\"https:\/\/www.100x100south.com\/blog\/#\/schema\/logo\/image\/\"}}]}<\/script>\n<!-- \/ Yoast SEO plugin. -->","yoast_head_json":{"title":"Mapa web -","robots":{"index":"index","follow":"follow","max-snippet":"max-snippet:-1","max-image-preview":"max-image-preview:large","max-video-preview":"max-video-preview:-1"},"canonical":"https:\/\/www.100x100south.com\/blog\/mapa-web\/","og_locale":"es_ES","og_type":"article","og_title":"Mapa web -","og_url":"https:\/\/www.100x100south.com\/blog\/mapa-web\/","article_modified_time":"2023-04-26T08:59:35+00:00","twitter_card":"summary_large_image","schema":{"@context":"https:\/\/schema.org","@graph":[{"@type":"WebPage","@id":"https:\/\/www.100x100south.com\/blog\/mapa-web\/","url":"https:\/\/www.100x100south.com\/blog\/mapa-web\/","name":"Mapa web -","isPartOf":{"@id":"https:\/\/www.100x100south.com\/blog\/#website"},"datePublished":"2023-04-26T08:57:10+00:00","dateModified":"2023-04-26T08:59:35+00:00","breadcrumb":{"@id":"https:\/\/www.100x100south.com\/blog\/mapa-web\/#breadcrumb"},"inLanguage":"es","potentialAction":[{"@type":"ReadAction","target":["https:\/\/www.100x100south.com\/blog\/mapa-web\/"]}]},{"@type":"BreadcrumbList","@id":"https:\/\/www.100x100south.com\/blog\/mapa-web\/#breadcrumb","itemListElement":[{"@type":"ListItem","position":1,"name":"Portada","item":"https:\/\/www.100x100south.com\/blog\/"},{"@type":"ListItem","position":2,"name":"Mapa web"}]},{"@type":"WebSite","@id":"https:\/\/www.100x100south.com\/blog\/#website","url":"https:\/\/www.100x100south.com\/blog\/","name":"https:\/\/www.100x100south.com\/blog","description":"Viajes y experiencias gastron\u00f3micas","publisher":{"@id":"https:\/\/www.100x100south.com\/blog\/#organization"},"potentialAction":[{"@type":"SearchAction","target":{"@type":"EntryPoint","urlTemplate":"https:\/\/www.100x100south.com\/blog\/?s={search_term_string}"},"query-input":{"@type":"PropertyValueSpecification","valueRequired":true,"valueName":"search_term_string"}}],"inLanguage":"es"},{"@type":"Organization","@id":"https:\/\/www.100x100south.com\/blog\/#organization","name":"100x100south","url":"https:\/\/www.100x100south.com\/blog\/","logo":{"@type":"ImageObject","inLanguage":"es","@id":"https:\/\/www.100x100south.com\/blog\/#\/schema\/logo\/image\/","url":"https:\/\/www.100x100south.com\/blog\/wp-content\/uploads\/2021\/08\/cropped-cropped-100x100-South-Espanol-SVG_Mesa-de-trabajo-1-copia-4-e1629454715973.png","contentUrl":"https:\/\/www.100x100south.com\/blog\/wp-content\/uploads\/2021\/08\/cropped-cropped-100x100-South-Espanol-SVG_Mesa-de-trabajo-1-copia-4-e1629454715973.png","width":471,"height":291,"caption":"100x100south"},"image":{"@id":"https:\/\/www.100x100south.com\/blog\/#\/schema\/logo\/image\/"}}]}},"_links":{"self":[{"href":"https:\/\/www.100x100south.com\/blog\/wp-json\/wp\/v2\/pages\/310","targetHints":{"allow":["GET"]}}],"collection":[{"href":"https:\/\/www.100x100south.com\/blog\/wp-json\/wp\/v2\/pages"}],"about":[{"href":"https:\/\/www.100x100south.com\/blog\/wp-json\/wp\/v2\/types\/page"}],"author":[{"embeddable":true,"href":"https:\/\/www.100x100south.com\/blog\/wp-json\/wp\/v2\/users\/1"}],"replies":[{"embeddable":true,"href":"https:\/\/www.100x100south.com\/blog\/wp-json\/wp\/v2\/comments?post=310"}],"version-history":[{"count":1,"href":"https:\/\/www.100x100south.com\/blog\/wp-json\/wp\/v2\/pages\/310\/revisions"}],"predecessor-version":[{"id":311,"href":"https:\/\/www.100x100south.com\/blog\/wp-json\/wp\/v2\/pages\/310\/revisions\/311"}],"wp:attachment":[{"href":"https:\/\/www.100x100south.com\/blog\/wp-json\/wp\/v2\/media?parent=310"}],"curies":[{"name":"wp","href":"https:\/\/api.w.org\/{rel}","templated":true}]}}