{"id":218,"date":"2023-02-15T11:23:42","date_gmt":"2023-02-15T11:23:42","guid":{"rendered":"https:\/\/www.100x100south.com\/blog\/?page_id=218"},"modified":"2023-02-15T11:23:43","modified_gmt":"2023-02-15T11:23:43","slug":"aviso-legal","status":"publish","type":"page","link":"https:\/\/www.100x100south.com\/blog\/aviso-legal\/","title":{"rendered":"Aviso legal"},"content":{"rendered":"<p>Condiciones de uso del portal 100X100south.com, propiedad de CACTRAVEL, SLL<\/p><p>INTRODUCCI\u00d3N<\/p><p>El presente documento, conjuntamente con los&nbsp;<strong>t\u00e9rminos y uso de la web<\/strong>, establecen las condiciones de reserva de viajes y el resto de servicios ofertados (en adelante, las \u201cCondiciones\u201d).<\/p><p>Le rogamos que lea atentamente las Condiciones antes de realizar cualquier transacci\u00f3n. Al utilizar esta p\u00e1gina web o hacer un pedido a trav\u00e9s de la misma, usted consiente quedar vinculado por estas Condiciones, por lo que si no est\u00e1 usted de acuerdo con todas las Condiciones, no debe usar esta p\u00e1gina web.<\/p><p>Estas Condiciones podr\u00edan ser modificadas. Es su responsabilidad leerlas peri\u00f3dicamente, ya que las condiciones vigentes en el momento de uso de la p\u00e1gina web o de celebraci\u00f3n de un pedido ser\u00e1n las que le resulten aplicables.<\/p><p>DATOS DEL TITULAR DE LA WEB<\/p><p>Nombre:&nbsp;<strong>CACTRAVEL S.L.L.<\/strong>&nbsp;,&nbsp;<strong>COMPA\u00d1\u00cdA ANDALUZA DE CONGRESOS&nbsp;<\/strong>(en adelante&nbsp;<strong>www.100x100south.com<\/strong>)<\/p><p>NIF:&nbsp;<strong>B91629881<\/strong><\/p><p>Domicilio social:&nbsp;<strong>CALLE MONTE CARMELO 32 LOCAL 2 &#8211; BAJO 41011 SEVILLA<\/strong><\/p><p>Correo electr\u00f3nico:&nbsp;<strong>info@100x100south.com<\/strong><\/p><p>Datos Registrales:&nbsp;<strong>T 4623 , F 190, S 8, H SE 72732, I\/A 3 (24.09.20)<\/strong><\/p><p><strong>Agencia de Viajes Mayorista-Minorista<\/strong><br><strong>C.I.AN-411407-3<\/strong><br><br><strong>Registrada en La Junta de Andaluc\u00eda como Organizaci\u00f3n de congresos, convenciones u otro tipo de eventos empresariales<\/strong><\/p><p><strong>REGISTRO: OCC\/SE\/000292<\/strong><\/p><p>C\u00d3MO REGISTRARSE<\/p><p>Es necesario que se registre para acceder nuestros servicios, el usuario deber\u00e1 registrarse rellenando el formulario de registro donde se le pedir\u00e1 informaci\u00f3n de car\u00e1cter personal que deber\u00e1 ser actualizada y ajustarse a la realidad. Al final del registro el usuario deber\u00e1 aceptar las presentes CONDICIONES GENERALES DE RESERVA y nuestra&nbsp;<strong>POL\u00cdTICA DE PRIVACIDAD<\/strong>.<\/p><p>El Id de usuario y contrase\u00f1a de registro, en caso de requerirse, deber\u00e1n mantenerse en un lugar seguro. Una vez obtenido su Id de usuario y contrase\u00f1a, el usuario podr\u00e1 acceder a la secci\u00f3n&nbsp;\u00abMi Cuenta\u00bb (IDENTIF\u00cdCATE)&nbsp;donde podr\u00e1 modificar los datos de registro, visualizar y monitorizar el estado de las reservas.<\/p><p>En el caso que detecte alg\u00fan uso indebido de su informaci\u00f3n de registro p\u00f3ngase en contacto inmediatamente con&nbsp;<strong>www.100x100south.com<\/strong>&nbsp;a trav\u00e9s del correo electr\u00f3nico&nbsp;<strong>info@100x100south.com<\/strong>&nbsp;<\/p><p>USO DE NUESTRA WEB<\/p><p>Al hacer uso de esta p\u00e1gina web y\/o cursar \u00f3rdenes a trav\u00e9s de la misma usted se compromete a:<\/p><ol class=\"wp-block-list\" type=\"1\" start=\"1\"><li>1. Hacer uso de los servicios \u00fanicamente para realizar consultas o reservas legalmente v\u00e1lidas.<\/li>\n\n<li>2. No realizar ninguna transacci\u00f3n falsa o fraudulenta. Si razonablemente se pudiera considerar que se ha realizado una operaci\u00f3n de esta \u00edndole estaremos autorizados a anularlo e informar a las autoridades pertinentes.<\/li>\n\n<li>3. Facilitarnos su direcci\u00f3n de correo electr\u00f3nico, direcci\u00f3n postal, datos de los medios de pago y\/u otros datos de contacto de forma veraz y exacta. Asimismo, consiente que podremos hacer uso de dicha informaci\u00f3n para ponernos en contacto con usted si es necesario ver nuestra&nbsp;<strong>POL\u00cdTICA DE PRIVACIDAD<\/strong>.<\/li><\/ol><p>Si no nos facilita usted toda la informaci\u00f3n que necesitamos, no tramitar las operaciones seleccionadas.&nbsp;<\/p><p>Al realizar una consulta o petici\u00f3n de servicios a trav\u00e9s de esta p\u00e1gina web, usted declara ser mayor de 18 a\u00f1os y tener capacidad legal para celebrar contratos.<\/p><p>\u00c1MBITO TERRITORIAL<\/p><p>Los servicios que se ofrecen a trav\u00e9s de nuestra web est\u00e1n disponibles para personas con residencia legal en territorio espa\u00f1ol y de la CEE.&nbsp;<\/p><p>RESERVAS A TRAV\u00c9S DE NUESTRA WEB<\/p><p>Para realizar cualquier reserva de viajes o el resto de servicios ofrecidos por&nbsp;<strong>www.100x100south.com<\/strong>&nbsp;debe seleccionar un m\u00e9todo de pago v\u00e1lido, autoriz\u00e1ndonos a realizar cargos utilizando dicho m\u00e9todo de pago seleccionado.<\/p><p>Cualquier operaci\u00f3n estar\u00e1 sujeta a que el Usuario lea y acepte las presentes Condiciones Generales de Reserva. Una vez aceptada las mismas as\u00ed como las condiciones de contrataci\u00f3n aplicables a la reserva y compra del producto seleccionado y realizado el correspondiente pago, completaremos la operaci\u00f3n lo antes posible. &nbsp;<\/p><p>En caso que por determinadas circunstancias no pudi\u00e9ramos completar las \u00f3rdenes cursadas, se lo notificaremos lo antes posible.&nbsp;<\/p><p>PRECIOS Y FORMAS DE PAGO<\/p><p>Todos los precios ofertados en nuestra web est\u00e1n representados en EUROS<br>&nbsp;Los pagos y reembolsos de todos las operaciones se realizar\u00e1n en euros (EUR). Si su tarjeta de cr\u00e9dito\/d\u00e9bito no est\u00e1 denominada en EUROS, el tipo de cambio lo aplicar\u00e1 la entidad bancaria correspondiente seg\u00fan el tipo de cambio de mercado y podr\u00e1 variar con respecto al precio indicado en nuestra web.<\/p><p>En el caso de contrataci\u00f3n de viajes combinados el precio del viaje combinado ha sido calculado en base a los tipos de cambio de divisa, tarifas de transporte, coste del carburante o de otras fuentes de energ\u00eda, &nbsp;tasas, impuestos y dem\u00e1s recargos tur\u00edsticos incluidos los de aterrizaje, embarque y desembarque en puertos y aeropuertos si expresamente se encuentran como incluidos &nbsp;aplicables en la fecha de entrega de la informaci\u00f3n precontractual.<\/p><p>Salvo indicaci\u00f3n en contra el programa oferta refleja precios por persona con o sin alojamiento en habitaci\u00f3n doble tipo est\u00e1ndar.<\/p><p>Cualquier variaci\u00f3n del precio de los citados elementos podr\u00e1 dar lugar a la revisi\u00f3n del precio final del viaje, tanto al alza como a la baja, en los importes estrictos de las variaciones del precio aludidas. Estas modificaciones ser\u00e1n notificadas por escrito al viajero. La revisi\u00f3n de precios de acuerdo a lo dispuesto en el art\u00edculo 158 del &nbsp;Real Decreto Legislativo 1\/2007, de 16 de noviembre, por el cual se aprueba el Texto Refundido de la Ley General de Defensa de los Consumidores y Usuarios y otras leyes complementarias s\u00f3lo tendr\u00e1 lugar si la organizadora del viaje se ha reservado expresamente ese derecho y as\u00ed se lo ha comunicado en la informaci\u00f3n precontractual que se le facilite antes de la contrataci\u00f3n.<\/p><p>En ning\u00fan caso se revisar\u00e1 al alza el precio del viaje en los 20 d\u00edas inmediatamente anteriores a la fecha de salida. Si el aumento de precio excede del ocho por ciento del precio del viaje combinado, el viajero podr\u00e1 poner fin al contrato notific\u00e1ndolo a la organizadora.<\/p><p>Los pagos y reembolsos de todos las operaciones se realizar\u00e1n en euros (EUR). Si su tarjeta de cr\u00e9dito\/d\u00e9bito no est\u00e1 denominada en EUROS, el tipo de cambio lo aplicar\u00e1 la entidad bancaria correspondiente seg\u00fan el tipo de cambio de mercado y podr\u00e1 variar con respecto al precio indicado en nuestra web.<\/p><p>Los m\u00e9todos de pago disponibles en nuestra web se mostrar\u00e1n en el proceso de finalizaci\u00f3n de la reserva.&nbsp;<\/p><p><strong>www.100x100south.com<\/strong>&nbsp;utilizar\u00e1 siempre medios de pago seguros.&nbsp;<\/p><p><strong>www.100x100south.com<\/strong>&nbsp;no guardar\u00e1 en sus archivos la informaci\u00f3n referente a los datos de las tarjetas utilizadas. En la utilizaci\u00f3n de la tarjeta de debito\/cr\u00e9dito el usuario confirma que la tarjeta utilizada es suya o ha sido debidamente autorizado por el propietario de la misma para su uso. Las transacciones con tarjeta de cr\u00e9dito\/debito estar\u00e1n sujetas a un control de seguridad y validaci\u00f3n por parte de la entidad emisora de la misma. En el caso que la entidad emisora de la tarjeta deniegue la transacci\u00f3n,&nbsp;<strong>www.100x100south.com<\/strong>&nbsp;no ser\u00e1 responsable de los retrasos o cancelaciones de las operaciones. Cuando la aportaci\u00f3n de fondos se efect\u00fae mediante tarjeta de cr\u00e9dito o de d\u00e9bito los gastos o comisiones que la entidad proveedora del servicio de pagos le hubiera cobrado a&nbsp;<strong>www.100x100south.com<\/strong>&nbsp;ser\u00e1n de cuenta exclusiva del cliente.&nbsp;<\/p><p>CONFIRMACI\u00d3N DEL PEDIDO<\/p><p>Las \u00f3rdenes est\u00e1n sujetas a su aceptaci\u00f3n por parte de&nbsp;<strong>www.100x100south.com<\/strong>, a que el usuario cumpla y acepte las CONDICIONES GENERALES DE RESERVA y a la disponibilidad del mercado.&nbsp;<strong>www.100x100south.com<\/strong>&nbsp;se reserva el derecho de no aceptar el pedido &nbsp;en el caso que la informaci\u00f3n de pago no sea aprobada, o que se detecte cualquier otro tipo de incidencia relativa a las Condiciones Generales de Uso del portal. Cuando realice una operaci\u00f3n a trav\u00e9s de nuestra web podemos enviarle un correo electr\u00f3nico de confirmaci\u00f3n que tendr\u00e1 detalles de la transacci\u00f3n. Verifique que los detalles en el mensaje de confirmaci\u00f3n sean correctos lo antes posible y guarde una copia para su registro.<\/p><p>DERECHO DE DESISTIMIENTO<\/p><p>Las transacciones realizadas en nuestra web, incluyen: viajes, actividades y servicios tur\u00edsticos que se contratan directamente con CACTRAVEL, S.L.L., o con diferentes proveedores. Todas ellas gozan del derecho de desistimiento en los t\u00e9rminos y condiciones de devoluci\u00f3n que para cada producto el prestatario del servicio establece en el contrato de viaje combinado o en la compra de servicios aut\u00f3nomos en cada caso y de las cuales usted ser\u00e1 conocedor antes de aceptar el pago.<\/p><p>NUESTRO DERECHO A MODIFICAR ESTAS CONDICIONES<\/p><p><strong>www.100x100south.com<\/strong>&nbsp;podr\u00e1 revisar y modificar las presentes Condiciones en cualquier momento.<\/p><p>Usted estar\u00e1 sujeto a las pol\u00edticas y condiciones vigentes en el momento en que use la presente p\u00e1gina web o efect\u00fae cada operaci\u00f3n, salvo que por ley o decisi\u00f3n de organismos gubernamentales debamos hacer cambios con car\u00e1cter retroactivo en dichas pol\u00edticas, Condiciones o&nbsp;<strong>POL\u00cdTICA DE PRIVACIDAD<\/strong>, en cuyo caso, los posibles cambios afectar\u00e1n tambi\u00e9n a los pedidos que usted hubiera hecho previamente.<\/p><p>PROTECCI\u00d3N DE DATOS DE CAR\u00c1CTER PERSONAL&nbsp;<\/p><p>De acuerdo con lo establecido en el Reglamento General de Protecci\u00f3n de Datos de Car\u00e1cter Personal y dem\u00e1s normativa aplicable en la materia, le informamos de que los datos personales que nos facilite a trav\u00e9s de nuestro sitio web o mediante env\u00edos de correos electr\u00f3nicos, ser\u00e1n tratados por&nbsp;<strong>www.100x100south.com<\/strong>&nbsp;como responsable del tratamiento para poder realizar las transacciones solicitadas, as\u00ed como recibir notificaciones peri\u00f3dicas a trav\u00e9s de medios electr\u00f3nicas. La legitimaci\u00f3n del tratamiento reside en la prestaci\u00f3n de los servicios solicitados. Puede ampliar m\u00e1s informaci\u00f3n sobre el tratamiento de sus datos las finalidades descritas en la&nbsp;<strong>POL\u00cdTICA DE PRIVACIDAD<\/strong>, la cual debe ser le\u00edda, comprendida y aceptada para la utilizaci\u00f3n de los servicios presente portal web.&nbsp;<\/p><p><strong>www.100x100south.com<\/strong>&nbsp;se compromete al cumplimiento de la obligaci\u00f3n de secreto de los datos de car\u00e1cter personal, por ello ha adoptado las medidas necesarias para evitar su alteraci\u00f3n, p\u00e9rdida, tratamiento o acceso no autorizado, habida cuenta en todo momento del estado de la tecnolog\u00eda. &nbsp;<\/p><p>En cualquier caso, todos los usuarios tienen derecho a ejercitar, en cualquier momento, los derechos de acceso, rectificaci\u00f3n, limitaci\u00f3n del tratamiento, supresi\u00f3n, oposici\u00f3n, limitaci\u00f3n del tratamiento, y portabilidad de datos que le asisten, mediante escrito dirigido a&nbsp;<strong>www.100x100south.com<\/strong>&nbsp;en la direcci\u00f3n electr\u00f3nica&nbsp;<strong>info@100x100south.com<\/strong>, acreditando su identidad. En el caso de que considere, puede presentar una reclamaci\u00f3n ante la Agencia Espa\u00f1ola de Protecci\u00f3n de Datos.&nbsp;<\/p><p>EXONERACI\u00d3N DE RESPONSABILIDAD<\/p><p>No seremos responsables por ning\u00fan incumplimiento o retraso en el cumplimiento de alguna de las obligaciones asumidas, cuando el mismo se deba a acontecimientos que est\u00e1n fuera de nuestro control razonable (\u00abCausa de Fuerza Mayor\u00bb). Las Causas de Fuerza Mayor incluir\u00e1n cualquier acto, acontecimiento, falta de ejercicio, omisi\u00f3n o accidente que est\u00e9 fuera de nuestro control razonable y entre otros, los siguientes:&nbsp;<\/p><p>(i) &nbsp;Huelgas, cierres patronales u otras medidas reivindicativas.&nbsp;<\/p><p>(ii) Conmoci\u00f3n civil, revuelta, invasi\u00f3n, amenaza o ataque terrorista, guerra (declarada o no) &nbsp; Amenaza o preparativos de guerra.&nbsp;<\/p><p>(iii) Incendio, explosi\u00f3n, tormenta, inundaci\u00f3n, terremoto, hundimiento, epidemia o cualquier otro desastre natural.&nbsp;<\/p><p>(iv) Imposibilidad de uso de trenes, barcos, aviones, transportes de motor u otros medios de transporte, p\u00fablicos o privados.&nbsp;<\/p><p>(v) Imposibilidad de utilizar sistemas p\u00fablicos o privados de telecomunicaciones.&nbsp;<\/p><p>(vi) Actos, decretos, legislaci\u00f3n, normativa o restricciones de cualquier gobierno o autoridad p\u00fablica.&nbsp;<\/p><p>Se entender\u00e1 que las obligaciones quedar\u00e1n suspendidas durante el per\u00edodo en que la Causa de Fuerza Mayor contin\u00fae, y dispondremos de una ampliaci\u00f3n en el plazo para cumplir dichas obligaciones por un periodo de tiempo igual al que dure la Causa de Fuerza Mayor. Pondremos todos los medios razonables para que finalice la Causa de Fuerza Mayor o para encontrar una soluci\u00f3n que nos permita cumplir nuestras obligaciones a pesar de la Causa de Fuerza Mayor.<\/p><p>INTEGRIDAD<\/p><p>Las presentes Condiciones y todo documento a que se haga referencia expresa en las mismas constituyen el acuerdo \u00edntegro existente entre usted y nosotros en relaci\u00f3n con el objeto de las mismas y sustituyen a cualquier otro pacto, acuerdo o promesa anterior convenida entre usted y nosotros verbalmente o por escrito.&nbsp;<\/p><p>Usted y nosotros reconocemos haber consentido la celebraci\u00f3n de un contrato sin haber confiado en ninguna declaraci\u00f3n o promesa hecha por la otra parte o que pudiera inferirse de cualquier declaraci\u00f3n o escrito en las negociaciones entabladas por los dos antes del mismo, salvo aquello que figura expresamente mencionado en las presentes Condiciones.&nbsp;<\/p><p>Ni usted ni nosotros dispondremos de acci\u00f3n frente a cualquier declaraci\u00f3n incierta realizada por la otra parte, verbal o escrita, con anterioridad a la fecha de un contrato (salvo que se hubiera hecho tal declaraci\u00f3n incierta de forma fraudulenta) y la \u00fanica acci\u00f3n de que dispondr\u00e1 la otra parte ser\u00e1 por incumplimiento de contrato de conformidad con lo dispuesto en las presentes Condiciones.<\/p><p>Si alguna de las presentes Condiciones o alguna disposici\u00f3n de un contrato fuesen declaradas nulas y sin efecto por resoluci\u00f3n firme dictada por autoridad competente, los restantes t\u00e9rminos y condiciones permanecer\u00e1n en vigor, sin que queden afectados por dicha declaraci\u00f3n de nulidad.<\/p><p>FUERO Y LEGISLACI\u00d3N APLICABLE<\/p><p>La venta se entiende efectuada en territorio espa\u00f1ol, por lo que para cuantas cuestiones interpretativas o litigiosas pudieran plantearse, ser\u00e1 de aplicaci\u00f3n la legislaci\u00f3n espa\u00f1ola y, en caso de controversia, ambas partes acuerdan someterse, con renuncia a cualquier otro fuero que pudiera corresponderle, a la jurisdicci\u00f3n de los Juzgados y Tribunales del domicilio del Consumidor.<\/p><p>Por \u00faltimo, recordamos a los clientes que en el caso de quieran presentar una reclamaci\u00f3n por alguna incidencia en la relaci\u00f3n contractual pueden presentar la reclamaci\u00f3n oportuna rellenando el siguiente formulario electr\u00f3nico: http:\/\/ec.europa.eu\/consumers\/odr\/.<\/p>","protected":false},"excerpt":{"rendered":"<p>Condiciones de uso del portal 100X100south.com, propiedad de CACTRAVEL, SLL INTRODUCCI\u00d3N El presente documento, conjuntamente con los&nbsp;t\u00e9rminos y uso de la web, establecen las condiciones de reserva de viajes y el resto de servicios ofertados (en adelante, las \u201cCondiciones\u201d). Le rogamos que lea atentamente las Condiciones antes de realizar cualquier transacci\u00f3n. Al utilizar esta p\u00e1gina [&hellip;]<\/p>\n","protected":false},"author":1,"featured_media":0,"parent":0,"menu_order":0,"comment_status":"closed","ping_status":"closed","template":"","meta":{"footnotes":""},"class_list":["post-218","page","type-page","status-publish","hentry"],"yoast_head":"<!-- This site is optimized with the Yoast SEO plugin v23.6 - https:\/\/yoast.com\/wordpress\/plugins\/seo\/ -->\n<title>Aviso legal -<\/title>\n<meta name=\"robots\" content=\"index, follow, max-snippet:-1, max-image-preview:large, max-video-preview:-1\" \/>\n<link rel=\"canonical\" href=\"https:\/\/www.100x100south.com\/blog\/aviso-legal\/\" \/>\n<meta property=\"og:locale\" content=\"es_ES\" \/>\n<meta property=\"og:type\" content=\"article\" \/>\n<meta property=\"og:title\" content=\"Aviso legal -\" \/>\n<meta property=\"og:description\" content=\"Condiciones de uso del portal 100X100south.com, propiedad de CACTRAVEL, SLL INTRODUCCI\u00d3N El presente documento, conjuntamente con los&nbsp;t\u00e9rminos y uso de la web, establecen las condiciones de reserva de viajes y el resto de servicios ofertados (en adelante, las \u201cCondiciones\u201d). Le rogamos que lea atentamente las Condiciones antes de realizar cualquier transacci\u00f3n. Al utilizar esta p\u00e1gina [&hellip;]\" \/>\n<meta property=\"og:url\" content=\"https:\/\/www.100x100south.com\/blog\/aviso-legal\/\" \/>\n<meta property=\"article:modified_time\" content=\"2023-02-15T11:23:43+00:00\" \/>\n<meta name=\"twitter:card\" content=\"summary_large_image\" \/>\n<meta name=\"twitter:label1\" content=\"Tiempo de lectura\" \/>\n\t<meta name=\"twitter:data1\" content=\"12 minutos\" \/>\n<script type=\"application\/ld+json\" class=\"yoast-schema-graph\">{\"@context\":\"https:\/\/schema.org\",\"@graph\":[{\"@type\":\"WebPage\",\"@id\":\"https:\/\/www.100x100south.com\/blog\/aviso-legal\/\",\"url\":\"https:\/\/www.100x100south.com\/blog\/aviso-legal\/\",\"name\":\"Aviso legal -\",\"isPartOf\":{\"@id\":\"https:\/\/www.100x100south.com\/blog\/#website\"},\"datePublished\":\"2023-02-15T11:23:42+00:00\",\"dateModified\":\"2023-02-15T11:23:43+00:00\",\"breadcrumb\":{\"@id\":\"https:\/\/www.100x100south.com\/blog\/aviso-legal\/#breadcrumb\"},\"inLanguage\":\"es\",\"potentialAction\":[{\"@type\":\"ReadAction\",\"target\":[\"https:\/\/www.100x100south.com\/blog\/aviso-legal\/\"]}]},{\"@type\":\"BreadcrumbList\",\"@id\":\"https:\/\/www.100x100south.com\/blog\/aviso-legal\/#breadcrumb\",\"itemListElement\":[{\"@type\":\"ListItem\",\"position\":1,\"name\":\"Portada\",\"item\":\"https:\/\/www.100x100south.com\/blog\/\"},{\"@type\":\"ListItem\",\"position\":2,\"name\":\"Aviso legal\"}]},{\"@type\":\"WebSite\",\"@id\":\"https:\/\/www.100x100south.com\/blog\/#website\",\"url\":\"https:\/\/www.100x100south.com\/blog\/\",\"name\":\"https:\/\/www.100x100south.com\/blog\",\"description\":\"Viajes y experiencias gastron\u00f3micas\",\"publisher\":{\"@id\":\"https:\/\/www.100x100south.com\/blog\/#organization\"},\"potentialAction\":[{\"@type\":\"SearchAction\",\"target\":{\"@type\":\"EntryPoint\",\"urlTemplate\":\"https:\/\/www.100x100south.com\/blog\/?s={search_term_string}\"},\"query-input\":{\"@type\":\"PropertyValueSpecification\",\"valueRequired\":true,\"valueName\":\"search_term_string\"}}],\"inLanguage\":\"es\"},{\"@type\":\"Organization\",\"@id\":\"https:\/\/www.100x100south.com\/blog\/#organization\",\"name\":\"100x100south\",\"url\":\"https:\/\/www.100x100south.com\/blog\/\",\"logo\":{\"@type\":\"ImageObject\",\"inLanguage\":\"es\",\"@id\":\"https:\/\/www.100x100south.com\/blog\/#\/schema\/logo\/image\/\",\"url\":\"https:\/\/www.100x100south.com\/blog\/wp-content\/uploads\/2021\/08\/cropped-cropped-100x100-South-Espanol-SVG_Mesa-de-trabajo-1-copia-4-e1629454715973.png\",\"contentUrl\":\"https:\/\/www.100x100south.com\/blog\/wp-content\/uploads\/2021\/08\/cropped-cropped-100x100-South-Espanol-SVG_Mesa-de-trabajo-1-copia-4-e1629454715973.png\",\"width\":471,\"height\":291,\"caption\":\"100x100south\"},\"image\":{\"@id\":\"https:\/\/www.100x100south.com\/blog\/#\/schema\/logo\/image\/\"}}]}<\/script>\n<!-- \/ Yoast SEO plugin. -->","yoast_head_json":{"title":"Aviso legal -","robots":{"index":"index","follow":"follow","max-snippet":"max-snippet:-1","max-image-preview":"max-image-preview:large","max-video-preview":"max-video-preview:-1"},"canonical":"https:\/\/www.100x100south.com\/blog\/aviso-legal\/","og_locale":"es_ES","og_type":"article","og_title":"Aviso legal -","og_description":"Condiciones de uso del portal 100X100south.com, propiedad de CACTRAVEL, SLL INTRODUCCI\u00d3N El presente documento, conjuntamente con los&nbsp;t\u00e9rminos y uso de la web, establecen las condiciones de reserva de viajes y el resto de servicios ofertados (en adelante, las \u201cCondiciones\u201d). Le rogamos que lea atentamente las Condiciones antes de realizar cualquier transacci\u00f3n. Al utilizar esta p\u00e1gina [&hellip;]","og_url":"https:\/\/www.100x100south.com\/blog\/aviso-legal\/","article_modified_time":"2023-02-15T11:23:43+00:00","twitter_card":"summary_large_image","twitter_misc":{"Tiempo de lectura":"12 minutos"},"schema":{"@context":"https:\/\/schema.org","@graph":[{"@type":"WebPage","@id":"https:\/\/www.100x100south.com\/blog\/aviso-legal\/","url":"https:\/\/www.100x100south.com\/blog\/aviso-legal\/","name":"Aviso legal -","isPartOf":{"@id":"https:\/\/www.100x100south.com\/blog\/#website"},"datePublished":"2023-02-15T11:23:42+00:00","dateModified":"2023-02-15T11:23:43+00:00","breadcrumb":{"@id":"https:\/\/www.100x100south.com\/blog\/aviso-legal\/#breadcrumb"},"inLanguage":"es","potentialAction":[{"@type":"ReadAction","target":["https:\/\/www.100x100south.com\/blog\/aviso-legal\/"]}]},{"@type":"BreadcrumbList","@id":"https:\/\/www.100x100south.com\/blog\/aviso-legal\/#breadcrumb","itemListElement":[{"@type":"ListItem","position":1,"name":"Portada","item":"https:\/\/www.100x100south.com\/blog\/"},{"@type":"ListItem","position":2,"name":"Aviso legal"}]},{"@type":"WebSite","@id":"https:\/\/www.100x100south.com\/blog\/#website","url":"https:\/\/www.100x100south.com\/blog\/","name":"https:\/\/www.100x100south.com\/blog","description":"Viajes y experiencias gastron\u00f3micas","publisher":{"@id":"https:\/\/www.100x100south.com\/blog\/#organization"},"potentialAction":[{"@type":"SearchAction","target":{"@type":"EntryPoint","urlTemplate":"https:\/\/www.100x100south.com\/blog\/?s={search_term_string}"},"query-input":{"@type":"PropertyValueSpecification","valueRequired":true,"valueName":"search_term_string"}}],"inLanguage":"es"},{"@type":"Organization","@id":"https:\/\/www.100x100south.com\/blog\/#organization","name":"100x100south","url":"https:\/\/www.100x100south.com\/blog\/","logo":{"@type":"ImageObject","inLanguage":"es","@id":"https:\/\/www.100x100south.com\/blog\/#\/schema\/logo\/image\/","url":"https:\/\/www.100x100south.com\/blog\/wp-content\/uploads\/2021\/08\/cropped-cropped-100x100-South-Espanol-SVG_Mesa-de-trabajo-1-copia-4-e1629454715973.png","contentUrl":"https:\/\/www.100x100south.com\/blog\/wp-content\/uploads\/2021\/08\/cropped-cropped-100x100-South-Espanol-SVG_Mesa-de-trabajo-1-copia-4-e1629454715973.png","width":471,"height":291,"caption":"100x100south"},"image":{"@id":"https:\/\/www.100x100south.com\/blog\/#\/schema\/logo\/image\/"}}]}},"_links":{"self":[{"href":"https:\/\/www.100x100south.com\/blog\/wp-json\/wp\/v2\/pages\/218","targetHints":{"allow":["GET"]}}],"collection":[{"href":"https:\/\/www.100x100south.com\/blog\/wp-json\/wp\/v2\/pages"}],"about":[{"href":"https:\/\/www.100x100south.com\/blog\/wp-json\/wp\/v2\/types\/page"}],"author":[{"embeddable":true,"href":"https:\/\/www.100x100south.com\/blog\/wp-json\/wp\/v2\/users\/1"}],"replies":[{"embeddable":true,"href":"https:\/\/www.100x100south.com\/blog\/wp-json\/wp\/v2\/comments?post=218"}],"version-history":[{"count":1,"href":"https:\/\/www.100x100south.com\/blog\/wp-json\/wp\/v2\/pages\/218\/revisions"}],"predecessor-version":[{"id":219,"href":"https:\/\/www.100x100south.com\/blog\/wp-json\/wp\/v2\/pages\/218\/revisions\/219"}],"wp:attachment":[{"href":"https:\/\/www.100x100south.com\/blog\/wp-json\/wp\/v2\/media?parent=218"}],"curies":[{"name":"wp","href":"https:\/\/api.w.org\/{rel}","templated":true}]}}