{"id":168,"date":"2023-02-15T11:22:26","date_gmt":"2023-02-15T11:22:26","guid":{"rendered":"https:\/\/www.100x100south.com\/blog\/?page_id=168"},"modified":"2024-04-08T14:34:10","modified_gmt":"2024-04-08T14:34:10","slug":"declaracion-de-accesibilidad","status":"publish","type":"page","link":"https:\/\/www.100x100south.com\/blog\/declaracion-de-accesibilidad\/","title":{"rendered":"Declaraci\u00f3n de accesibilidad"},"content":{"rendered":"<p>CAC TRAVEL SLL se ha comprometido a hacer accesible su sitio web y su aplicaci\u00f3n para dispositivos m\u00f3viles, de conformidad con <a href=\"https:\/\/www.boe.es\/buscar\/act.php?id=BOE-A-2018-12699\">Real Decreto 1112\/2018, de 7 de septiembre, sobre accesibilidad de los sitios web y aplicaciones para dispositivos m\u00f3viles del sector p\u00fablico<\/a>.<\/p><p>La presente declaraci\u00f3n de accesibilidad se aplica a el sitio web <a href=\"https:\/\/www.100x100south.com\/blog\/tienda\/\">https:\/\/www.100x100south.com\/blog\/tienda\/<\/a>.<\/p><p>Este sitio web es parcialmente conforme con la norma UNE-EN 301549:2019 (equivalente a los requisitos de nivel de conformidad A y AA de WCAG 2.1) a la falta de conformidad de los aspectos que se indican a continuaci\u00f3n:<\/p><ul class=\"wp-block-list\"><li>Falta de conformidad con la norma UNE-EN 301549:2019 en la secci\u00f3n 12.2.3 Comunicaci\u00f3n efectiva al no disponer de un servicio de apoyo para la comunicaci\u00f3n con personas con discapacidad. Existe la alternativa de contacto telef\u00f3nico o v\u00eda email por los canales comunes.<\/li>\n\n<li>Al no existir contenido auditivo o audiovisual, este contenido no entra dentro de la legislaci\u00f3n aplicable.<\/li><\/ul><p>La presente declaraci\u00f3n fue preparada el 26 de Abril de 2023.<\/p><p>El m\u00e9todo empleado para preparar la declaraci\u00f3n ha sido una evaluaci\u00f3n llevada a cabo por la entidad CONECTA TURISMO SL. &nbsp;<\/p><p>\u00daltima revisi\u00f3n de la declaraci\u00f3n: 08 de Abril de 2024.<\/p><p>Puede realizar comunicaciones sobre requisitos de accesibilidad (art\u00edculo 10.2.a) del RD 1112\/2018) como por ejemplo:<\/p><ul class=\"wp-block-list\"><li>Informar sobre cualquier posible incumplimiento por parte de este sitio web<\/li>\n\n<li>Transmitir otras dificultades de acceso al contenido<\/li>\n\n<li>Formular cualquier otra consulta o sugerencia de mejora relativa a la accesibilidad del sitio web<\/li><\/ul><p>A trav\u00e9s del siguiente formulario de contacto <a href=\"https:\/\/www.100x100south.com\/contacto\">https:\/\/www.100x100south.com\/contacto<\/a> o llamando al tel\u00e9fono <a href=\"https:\/\/www.100x100south.com\/te-llamamos\">955 09 91 42<\/a>.<\/p><p>Puede presentar:<\/p><ul class=\"wp-block-list\"><li>Una Queja relativa al cumplimiento de los requisitos del RD 1112\/2018 o<\/li>\n\n<li>Una Solicitud de Informaci\u00f3n accesible relativa a:<ul><li>Contenidos que est\u00e1n excluidos del \u00e1mbito de aplicaci\u00f3n del RD 1112\/2018 seg\u00fan lo establecido por el art\u00edculo 3, apartado 4<\/li><\/ul><ul class=\"wp-block-list\"><li>Contenidos que est\u00e1n exentos del cumplimiento de los requisitos de accesibilidad por imponer una carga desproporcionada.<\/li><\/ul><\/li><\/ul><p>En la Solicitud de informaci\u00f3n accesible, se debe concretar, con toda claridad, los hechos, razones y petici\u00f3n que permitan constatar que se trata de una solicitud razonable y leg\u00edtima.<\/p><p>A trav\u00e9s del formulario de contacto <a href=\"https:\/\/www.100x100south.com\/contacto\">https:\/\/www.100x100south.com\/contacto<\/a>, as\u00ed como del resto de opciones recogidas en la Ley 39\/ 2015, de 1 de octubre, del Procedimiento Administrativo Com\u00fan de las Administraciones P\u00fablicas. Las comunicaciones, quejas y solicitudes de informaci\u00f3n accesible ser\u00e1n recibidas y tratadas por CAC TRAVEL SSL.<\/p><p>Si una vez realizada una solicitud de informaci\u00f3n accesible o queja, \u00e9sta hubiera sido desestimada, no se estuviera de acuerdo con la decisi\u00f3n adoptada, o la respuesta no cumpliera los requisitos contemplados en el art\u00edculo 12.5, la persona interesada podr\u00e1 iniciar una reclamaci\u00f3n. Igualmente se podr\u00e1 iniciar una reclamaci\u00f3n en el caso de que haya trascurrido el plazo de veinte d\u00edas h\u00e1biles sin haber obtenido respuesta.<\/p><p>La reclamaci\u00f3n puede ser presentada trav\u00e9s de los diferentes m\u00e9todos de contacto v\u00eda email o telef\u00f3nico a CAC TRAVEL SSL, as\u00ed como en el resto de opciones recogidas en la Ley 39\/ 2015, de 1 de octubre, del Procedimiento Administrativo Com\u00fan de las Administraciones P\u00fablicas. Las reclamaciones ser\u00e1n recibidas y tratadas por CAC TRAVEL SSL.<\/p>","protected":false},"excerpt":{"rendered":"<p>CAC TRAVEL SLL se ha comprometido a hacer accesible su sitio web y su aplicaci\u00f3n para dispositivos m\u00f3viles, de conformidad con Real Decreto 1112\/2018, de 7 de septiembre, sobre accesibilidad de los sitios web y aplicaciones para dispositivos m\u00f3viles del sector p\u00fablico. La presente declaraci\u00f3n de accesibilidad se aplica a el sitio web https:\/\/www.100x100south.com\/blog\/tienda\/. Este [&hellip;]<\/p>\n","protected":false},"author":1,"featured_media":0,"parent":0,"menu_order":0,"comment_status":"closed","ping_status":"closed","template":"","meta":{"footnotes":""},"class_list":["post-168","page","type-page","status-publish","hentry"],"yoast_head":"<!-- This site is optimized with the Yoast SEO plugin v23.6 - https:\/\/yoast.com\/wordpress\/plugins\/seo\/ -->\n<title>Declaraci\u00f3n de accesibilidad -<\/title>\n<meta name=\"robots\" content=\"index, follow, max-snippet:-1, max-image-preview:large, max-video-preview:-1\" \/>\n<link rel=\"canonical\" href=\"https:\/\/www.100x100south.com\/blog\/declaracion-de-accesibilidad\/\" \/>\n<meta property=\"og:locale\" content=\"es_ES\" \/>\n<meta property=\"og:type\" content=\"article\" \/>\n<meta property=\"og:title\" content=\"Declaraci\u00f3n de accesibilidad -\" \/>\n<meta property=\"og:description\" content=\"CAC TRAVEL SLL se ha comprometido a hacer accesible su sitio web y su aplicaci\u00f3n para dispositivos m\u00f3viles, de conformidad con Real Decreto 1112\/2018, de 7 de septiembre, sobre accesibilidad de los sitios web y aplicaciones para dispositivos m\u00f3viles del sector p\u00fablico. La presente declaraci\u00f3n de accesibilidad se aplica a el sitio web https:\/\/www.100x100south.com\/blog\/tienda\/. Este [&hellip;]\" \/>\n<meta property=\"og:url\" content=\"https:\/\/www.100x100south.com\/blog\/declaracion-de-accesibilidad\/\" \/>\n<meta property=\"article:modified_time\" content=\"2024-04-08T14:34:10+00:00\" \/>\n<meta name=\"twitter:card\" content=\"summary_large_image\" \/>\n<meta name=\"twitter:label1\" content=\"Tiempo de lectura\" \/>\n\t<meta name=\"twitter:data1\" content=\"3 minutos\" \/>\n<script type=\"application\/ld+json\" class=\"yoast-schema-graph\">{\"@context\":\"https:\/\/schema.org\",\"@graph\":[{\"@type\":\"WebPage\",\"@id\":\"https:\/\/www.100x100south.com\/blog\/declaracion-de-accesibilidad\/\",\"url\":\"https:\/\/www.100x100south.com\/blog\/declaracion-de-accesibilidad\/\",\"name\":\"Declaraci\u00f3n de accesibilidad -\",\"isPartOf\":{\"@id\":\"https:\/\/www.100x100south.com\/blog\/#website\"},\"datePublished\":\"2023-02-15T11:22:26+00:00\",\"dateModified\":\"2024-04-08T14:34:10+00:00\",\"breadcrumb\":{\"@id\":\"https:\/\/www.100x100south.com\/blog\/declaracion-de-accesibilidad\/#breadcrumb\"},\"inLanguage\":\"es\",\"potentialAction\":[{\"@type\":\"ReadAction\",\"target\":[\"https:\/\/www.100x100south.com\/blog\/declaracion-de-accesibilidad\/\"]}]},{\"@type\":\"BreadcrumbList\",\"@id\":\"https:\/\/www.100x100south.com\/blog\/declaracion-de-accesibilidad\/#breadcrumb\",\"itemListElement\":[{\"@type\":\"ListItem\",\"position\":1,\"name\":\"Portada\",\"item\":\"https:\/\/www.100x100south.com\/blog\/\"},{\"@type\":\"ListItem\",\"position\":2,\"name\":\"Declaraci\u00f3n de accesibilidad\"}]},{\"@type\":\"WebSite\",\"@id\":\"https:\/\/www.100x100south.com\/blog\/#website\",\"url\":\"https:\/\/www.100x100south.com\/blog\/\",\"name\":\"https:\/\/www.100x100south.com\/blog\",\"description\":\"Viajes y experiencias gastron\u00f3micas\",\"publisher\":{\"@id\":\"https:\/\/www.100x100south.com\/blog\/#organization\"},\"potentialAction\":[{\"@type\":\"SearchAction\",\"target\":{\"@type\":\"EntryPoint\",\"urlTemplate\":\"https:\/\/www.100x100south.com\/blog\/?s={search_term_string}\"},\"query-input\":{\"@type\":\"PropertyValueSpecification\",\"valueRequired\":true,\"valueName\":\"search_term_string\"}}],\"inLanguage\":\"es\"},{\"@type\":\"Organization\",\"@id\":\"https:\/\/www.100x100south.com\/blog\/#organization\",\"name\":\"100x100south\",\"url\":\"https:\/\/www.100x100south.com\/blog\/\",\"logo\":{\"@type\":\"ImageObject\",\"inLanguage\":\"es\",\"@id\":\"https:\/\/www.100x100south.com\/blog\/#\/schema\/logo\/image\/\",\"url\":\"https:\/\/www.100x100south.com\/blog\/wp-content\/uploads\/2021\/08\/cropped-cropped-100x100-South-Espanol-SVG_Mesa-de-trabajo-1-copia-4-e1629454715973.png\",\"contentUrl\":\"https:\/\/www.100x100south.com\/blog\/wp-content\/uploads\/2021\/08\/cropped-cropped-100x100-South-Espanol-SVG_Mesa-de-trabajo-1-copia-4-e1629454715973.png\",\"width\":471,\"height\":291,\"caption\":\"100x100south\"},\"image\":{\"@id\":\"https:\/\/www.100x100south.com\/blog\/#\/schema\/logo\/image\/\"}}]}<\/script>\n<!-- \/ Yoast SEO plugin. -->","yoast_head_json":{"title":"Declaraci\u00f3n de accesibilidad -","robots":{"index":"index","follow":"follow","max-snippet":"max-snippet:-1","max-image-preview":"max-image-preview:large","max-video-preview":"max-video-preview:-1"},"canonical":"https:\/\/www.100x100south.com\/blog\/declaracion-de-accesibilidad\/","og_locale":"es_ES","og_type":"article","og_title":"Declaraci\u00f3n de accesibilidad -","og_description":"CAC TRAVEL SLL se ha comprometido a hacer accesible su sitio web y su aplicaci\u00f3n para dispositivos m\u00f3viles, de conformidad con Real Decreto 1112\/2018, de 7 de septiembre, sobre accesibilidad de los sitios web y aplicaciones para dispositivos m\u00f3viles del sector p\u00fablico. La presente declaraci\u00f3n de accesibilidad se aplica a el sitio web https:\/\/www.100x100south.com\/blog\/tienda\/. Este [&hellip;]","og_url":"https:\/\/www.100x100south.com\/blog\/declaracion-de-accesibilidad\/","article_modified_time":"2024-04-08T14:34:10+00:00","twitter_card":"summary_large_image","twitter_misc":{"Tiempo de lectura":"3 minutos"},"schema":{"@context":"https:\/\/schema.org","@graph":[{"@type":"WebPage","@id":"https:\/\/www.100x100south.com\/blog\/declaracion-de-accesibilidad\/","url":"https:\/\/www.100x100south.com\/blog\/declaracion-de-accesibilidad\/","name":"Declaraci\u00f3n de accesibilidad -","isPartOf":{"@id":"https:\/\/www.100x100south.com\/blog\/#website"},"datePublished":"2023-02-15T11:22:26+00:00","dateModified":"2024-04-08T14:34:10+00:00","breadcrumb":{"@id":"https:\/\/www.100x100south.com\/blog\/declaracion-de-accesibilidad\/#breadcrumb"},"inLanguage":"es","potentialAction":[{"@type":"ReadAction","target":["https:\/\/www.100x100south.com\/blog\/declaracion-de-accesibilidad\/"]}]},{"@type":"BreadcrumbList","@id":"https:\/\/www.100x100south.com\/blog\/declaracion-de-accesibilidad\/#breadcrumb","itemListElement":[{"@type":"ListItem","position":1,"name":"Portada","item":"https:\/\/www.100x100south.com\/blog\/"},{"@type":"ListItem","position":2,"name":"Declaraci\u00f3n de accesibilidad"}]},{"@type":"WebSite","@id":"https:\/\/www.100x100south.com\/blog\/#website","url":"https:\/\/www.100x100south.com\/blog\/","name":"https:\/\/www.100x100south.com\/blog","description":"Viajes y experiencias gastron\u00f3micas","publisher":{"@id":"https:\/\/www.100x100south.com\/blog\/#organization"},"potentialAction":[{"@type":"SearchAction","target":{"@type":"EntryPoint","urlTemplate":"https:\/\/www.100x100south.com\/blog\/?s={search_term_string}"},"query-input":{"@type":"PropertyValueSpecification","valueRequired":true,"valueName":"search_term_string"}}],"inLanguage":"es"},{"@type":"Organization","@id":"https:\/\/www.100x100south.com\/blog\/#organization","name":"100x100south","url":"https:\/\/www.100x100south.com\/blog\/","logo":{"@type":"ImageObject","inLanguage":"es","@id":"https:\/\/www.100x100south.com\/blog\/#\/schema\/logo\/image\/","url":"https:\/\/www.100x100south.com\/blog\/wp-content\/uploads\/2021\/08\/cropped-cropped-100x100-South-Espanol-SVG_Mesa-de-trabajo-1-copia-4-e1629454715973.png","contentUrl":"https:\/\/www.100x100south.com\/blog\/wp-content\/uploads\/2021\/08\/cropped-cropped-100x100-South-Espanol-SVG_Mesa-de-trabajo-1-copia-4-e1629454715973.png","width":471,"height":291,"caption":"100x100south"},"image":{"@id":"https:\/\/www.100x100south.com\/blog\/#\/schema\/logo\/image\/"}}]}},"_links":{"self":[{"href":"https:\/\/www.100x100south.com\/blog\/wp-json\/wp\/v2\/pages\/168","targetHints":{"allow":["GET"]}}],"collection":[{"href":"https:\/\/www.100x100south.com\/blog\/wp-json\/wp\/v2\/pages"}],"about":[{"href":"https:\/\/www.100x100south.com\/blog\/wp-json\/wp\/v2\/types\/page"}],"author":[{"embeddable":true,"href":"https:\/\/www.100x100south.com\/blog\/wp-json\/wp\/v2\/users\/1"}],"replies":[{"embeddable":true,"href":"https:\/\/www.100x100south.com\/blog\/wp-json\/wp\/v2\/comments?post=168"}],"version-history":[{"count":7,"href":"https:\/\/www.100x100south.com\/blog\/wp-json\/wp\/v2\/pages\/168\/revisions"}],"predecessor-version":[{"id":317,"href":"https:\/\/www.100x100south.com\/blog\/wp-json\/wp\/v2\/pages\/168\/revisions\/317"}],"wp:attachment":[{"href":"https:\/\/www.100x100south.com\/blog\/wp-json\/wp\/v2\/media?parent=168"}],"curies":[{"name":"wp","href":"https:\/\/api.w.org\/{rel}","templated":true}]}}